{"id":25974,"date":"2025-03-11T16:57:59","date_gmt":"2025-03-11T15:57:59","guid":{"rendered":"https:\/\/www.caffefadi.it\/?post_type=product&#038;p=25974"},"modified":"2025-03-11T17:00:14","modified_gmt":"2025-03-11T16:00:14","slug":"crema-darabia-w-ziarnach","status":"publish","type":"product","link":"https:\/\/www.caffefadi.it\/?product=crema-darabia-w-ziarnach","title":{"rendered":"Crema d&#8217;Arabia w ziarnach"},"content":{"rendered":"<p>Odkryj przyjemno\u015b\u0107 wyj\u0105tkowego espresso z nasz\u0105 Crema d&#8217;Arabia w Ziarnach. Ta mieszanka powstaje z po\u0142\u0105czenia sze\u015bciu rzadkich arabik, pochodz\u0105cych z bogatych i \u017cyznych ziem Ameryki \u015arodkowej, Azji i Afryki, kt\u00f3re uwalniaj\u0105 intensywny i niepowtarzalny aromat. Przy pierwszym \u0142yku pojawiaj\u0105 si\u0119 nuty kakao i karmelu, towarzyszone subtelnym akcentem orzech\u00f3w oraz wyrafinowan\u0105 nut\u0105 sk\u00f3rki pomara\u0144czy kandyzowanej. Aksamitna i trwa\u0142a crema dope\u0142nia do\u015bwiadczenie, oferuj\u0105c kaw\u0119 zr\u00f3wnowa\u017con\u0105 i o ponadczasowej elegancji, stworzon\u0105 dla tych, kt\u00f3rzy kochaj\u0105 autentyczne smaki pe\u0142ne niuans\u00f3w.<\/p>\n","protected":false},"excerpt":{"rendered":"<p>Odkryj Crema d&#8217;Arabia w Ziarnach, ekskluzywn\u0105 mieszank\u0119 sze\u015bciu rzadkich arabik pochodz\u0105cych z urodzajnych ziem Ameryki \u015arodkowej, Azji i Afryki, kt\u00f3ra oferuje intensywny aromat z nutami kakao, karmelu, orzech\u00f3w i sk\u00f3rki pomara\u0144czy kandyzowanej. Z aksamitn\u0105 i trwa\u0142\u0105 crem\u0105, ta zr\u00f3wnowa\u017cona kawa jest idealna dla tych, kt\u00f3rzy szukaj\u0105 elegancji i autentyczno\u015bci w ka\u017cdym \u0142yku.<\/p>\n<p> <a class=\"more-link\" href=\"https:\/\/www.caffefadi.it\/?product=crema-darabia-w-ziarnach\">Leggi tutto<\/a><\/p>","protected":false},"featured_media":25975,"comment_status":"open","ping_status":"closed","template":"","meta":[],"product_brand":[],"product_cat":[618],"product_tag":[620,622],"class_list":{"0":"post-25974","1":"product","2":"type-product","3":"status-publish","4":"has-post-thumbnail","6":"product_cat-kawa-w-ziarnach","7":"product_tag-100-arabica-pl","8":"product_tag-ziarna","10":"first","11":"outofstock","12":"taxable","13":"shipping-taxable","14":"purchasable","15":"product-type-simple"},"_links":{"self":[{"href":"https:\/\/www.caffefadi.it\/index.php?rest_route=\/wp\/v2\/product\/25974","targetHints":{"allow":["GET"]}}],"collection":[{"href":"https:\/\/www.caffefadi.it\/index.php?rest_route=\/wp\/v2\/product"}],"about":[{"href":"https:\/\/www.caffefadi.it\/index.php?rest_route=\/wp\/v2\/types\/product"}],"replies":[{"embeddable":true,"href":"https:\/\/www.caffefadi.it\/index.php?rest_route=%2Fwp%2Fv2%2Fcomments&post=25974"}],"version-history":[{"count":3,"href":"https:\/\/www.caffefadi.it\/index.php?rest_route=\/wp\/v2\/product\/25974\/revisions"}],"predecessor-version":[{"id":25979,"href":"https:\/\/www.caffefadi.it\/index.php?rest_route=\/wp\/v2\/product\/25974\/revisions\/25979"}],"wp:featuredmedia":[{"embeddable":true,"href":"https:\/\/www.caffefadi.it\/index.php?rest_route=\/wp\/v2\/media\/25975"}],"wp:attachment":[{"href":"https:\/\/www.caffefadi.it\/index.php?rest_route=%2Fwp%2Fv2%2Fmedia&parent=25974"}],"wp:term":[{"taxonomy":"product_brand","embeddable":true,"href":"https:\/\/www.caffefadi.it\/index.php?rest_route=%2Fwp%2Fv2%2Fproduct_brand&post=25974"},{"taxonomy":"product_cat","embeddable":true,"href":"https:\/\/www.caffefadi.it\/index.php?rest_route=%2Fwp%2Fv2%2Fproduct_cat&post=25974"},{"taxonomy":"product_tag","embeddable":true,"href":"https:\/\/www.caffefadi.it\/index.php?rest_route=%2Fwp%2Fv2%2Fproduct_tag&post=25974"}],"curies":[{"name":"wp","href":"https:\/\/api.w.org\/{rel}","templated":true}]}}