{"id":19715,"date":"2024-11-22T10:42:34","date_gmt":"2024-11-22T10:42:34","guid":{"rendered":"https:\/\/www.caffefadi.it\/?post_type=product&#038;p=19715"},"modified":"2025-07-24T10:53:21","modified_gmt":"2025-07-24T09:53:21","slug":"biologico-macinato","status":"publish","type":"product","link":"https:\/\/www.caffefadi.it\/?product=biologico-macinato","title":{"rendered":"Biologico macinato"},"content":{"rendered":"<h2>Caff\u00e8 Biologico Macinato: Autenticit\u00e0 e sostenibilit\u00e0 in ogni tazza<\/h2>\n<p>Il Caff\u00e8 Biologico Macinato di <a href=\"https:\/\/www.facebook.com\/CaffeFadi\" target=\"_blank\" rel=\"noopener\">Caff\u00e8 Fadi<\/a> \u00e8 un viaggio verso l\u2019autenticit\u00e0, un omaggio alla tradizione delle coltivazioni biologiche di alta montagna. Tra i 1600 e i 1800 metri, dove l\u2019aria fresca abbraccia le piantagioni, crescono chicchi selezionati e raccolti a mano, quando ogni drupa \u00e8 al suo meglio. La fermentazione in acqua, parte essenziale del processo, amplifica i profumi e le sfumature di questa miscela pregiata. Ogni tazza sprigiona un aroma suadente, con delicate note di cioccolato, caramello e frutta secca. Ideale per chi desidera un caff\u00e8 dal gusto autentico, che porta con s\u00e9 i valori della sostenibilit\u00e0.<\/p>\n","protected":false},"excerpt":{"rendered":"<p>Il Caff\u00e8 Biologico Macinato di Caff\u00e8 Fadi nasce dalle coltivazioni biologiche ad alta montagna, dove i chicchi vengono raccolti a mano e fermentati in acqua per esaltare i suoi profumi unici. Con note di cioccolato, caramello e frutta secca, \u00e8 il caff\u00e8 ideale per chi cerca un gusto autentico e sostenibile.<\/p>\n<p> <a class=\"more-link\" href=\"https:\/\/www.caffefadi.it\/?product=biologico-macinato\">Leggi tutto<\/a><\/p>","protected":false},"featured_media":19716,"comment_status":"open","ping_status":"closed","template":"","meta":[],"product_brand":[],"product_cat":[156,153],"product_tag":[243,161,165],"class_list":{"0":"post-19715","1":"product","2":"type-product","3":"status-publish","4":"has-post-thumbnail","6":"product_cat-caffe-biologico","7":"product_cat-caffe-macinato","8":"product_tag-barattolo","9":"product_tag-biologico","10":"product_tag-macinato","12":"first","13":"outofstock","14":"taxable","15":"shipping-taxable","16":"purchasable","17":"product-type-simple"},"_links":{"self":[{"href":"https:\/\/www.caffefadi.it\/index.php?rest_route=\/wp\/v2\/product\/19715","targetHints":{"allow":["GET"]}}],"collection":[{"href":"https:\/\/www.caffefadi.it\/index.php?rest_route=\/wp\/v2\/product"}],"about":[{"href":"https:\/\/www.caffefadi.it\/index.php?rest_route=\/wp\/v2\/types\/product"}],"replies":[{"embeddable":true,"href":"https:\/\/www.caffefadi.it\/index.php?rest_route=%2Fwp%2Fv2%2Fcomments&post=19715"}],"version-history":[{"count":2,"href":"https:\/\/www.caffefadi.it\/index.php?rest_route=\/wp\/v2\/product\/19715\/revisions"}],"predecessor-version":[{"id":24239,"href":"https:\/\/www.caffefadi.it\/index.php?rest_route=\/wp\/v2\/product\/19715\/revisions\/24239"}],"wp:featuredmedia":[{"embeddable":true,"href":"https:\/\/www.caffefadi.it\/index.php?rest_route=\/wp\/v2\/media\/19716"}],"wp:attachment":[{"href":"https:\/\/www.caffefadi.it\/index.php?rest_route=%2Fwp%2Fv2%2Fmedia&parent=19715"}],"wp:term":[{"taxonomy":"product_brand","embeddable":true,"href":"https:\/\/www.caffefadi.it\/index.php?rest_route=%2Fwp%2Fv2%2Fproduct_brand&post=19715"},{"taxonomy":"product_cat","embeddable":true,"href":"https:\/\/www.caffefadi.it\/index.php?rest_route=%2Fwp%2Fv2%2Fproduct_cat&post=19715"},{"taxonomy":"product_tag","embeddable":true,"href":"https:\/\/www.caffefadi.it\/index.php?rest_route=%2Fwp%2Fv2%2Fproduct_tag&post=19715"}],"curies":[{"name":"wp","href":"https:\/\/api.w.org\/{rel}","templated":true}]}}