{"id":19713,"date":"2024-11-22T10:37:52","date_gmt":"2024-11-22T10:37:52","guid":{"rendered":"https:\/\/www.caffefadi.it\/?post_type=product&#038;p=19713"},"modified":"2025-03-08T12:07:00","modified_gmt":"2025-03-08T11:07:00","slug":"macinato-pregiato","status":"publish","type":"product","link":"https:\/\/www.caffefadi.it\/?product=macinato-pregiato","title":{"rendered":"Macinato Pregiato"},"content":{"rendered":"<h2>Macinato Pregiato di Caff\u00e8 Fadi: Il vero caff\u00e8 italiano con sapore intenso e armonioso<\/h2>\n<p>Immergiti nel piacere del vero caff\u00e8 italiano con il Macinato Pregiato di Caff\u00e8 Fadi, una miscela per moka che esalta la tradizione e la qualit\u00e0. Questa selezione pregiata si distingue per le note di cioccolato fondente e biscotto, che accompagnano una delicata dolcezza di ciliegia, vaniglia e caramello, per un sapore che avvolge i sensi a ogni sorso. La sua consistenza vellutata e il suo aroma inconfondibile sono pensati per chi cerca un caff\u00e8 che trasmetta calore e armonia, perfetto per i momenti speciali. Lasciati coccolare da una tazza che racchiude l\u2019eccellenza del caff\u00e8 Fadi.<\/p>\n","protected":false},"excerpt":{"rendered":"<p>Discover Macinato Pregiato <a href=\"http:\/\/www.facebook.com\/caffefadi\">Caff\u00e8 Fadi<\/a>, a moka blend that combines Italian tradition with notes of chocolate, biscuit, cherry, vanilla, and caramel for an enveloping flavor. With a velvety texture and an unmistakable aroma, it is the perfect coffee for special moments of pure pleasure.<\/p>\n<p> <a class=\"more-link\" href=\"https:\/\/www.caffefadi.it\/?product=macinato-pregiato\">Leggi tutto<\/a><\/p>","protected":false},"featured_media":19721,"comment_status":"open","ping_status":"closed","template":"","meta":[],"product_brand":[],"product_cat":[153],"product_tag":[162,165,169],"class_list":{"0":"post-19713","1":"product","2":"type-product","3":"status-publish","4":"has-post-thumbnail","6":"product_cat-caffe-macinato","7":"product_tag-arabica","8":"product_tag-macinato","9":"product_tag-robusta","11":"first","12":"instock","13":"taxable","14":"shipping-taxable","15":"purchasable","16":"product-type-simple"},"_links":{"self":[{"href":"https:\/\/www.caffefadi.it\/index.php?rest_route=\/wp\/v2\/product\/19713","targetHints":{"allow":["GET"]}}],"collection":[{"href":"https:\/\/www.caffefadi.it\/index.php?rest_route=\/wp\/v2\/product"}],"about":[{"href":"https:\/\/www.caffefadi.it\/index.php?rest_route=\/wp\/v2\/types\/product"}],"replies":[{"embeddable":true,"href":"https:\/\/www.caffefadi.it\/index.php?rest_route=%2Fwp%2Fv2%2Fcomments&post=19713"}],"version-history":[{"count":3,"href":"https:\/\/www.caffefadi.it\/index.php?rest_route=\/wp\/v2\/product\/19713\/revisions"}],"predecessor-version":[{"id":25666,"href":"https:\/\/www.caffefadi.it\/index.php?rest_route=\/wp\/v2\/product\/19713\/revisions\/25666"}],"wp:featuredmedia":[{"embeddable":true,"href":"https:\/\/www.caffefadi.it\/index.php?rest_route=\/wp\/v2\/media\/19721"}],"wp:attachment":[{"href":"https:\/\/www.caffefadi.it\/index.php?rest_route=%2Fwp%2Fv2%2Fmedia&parent=19713"}],"wp:term":[{"taxonomy":"product_brand","embeddable":true,"href":"https:\/\/www.caffefadi.it\/index.php?rest_route=%2Fwp%2Fv2%2Fproduct_brand&post=19713"},{"taxonomy":"product_cat","embeddable":true,"href":"https:\/\/www.caffefadi.it\/index.php?rest_route=%2Fwp%2Fv2%2Fproduct_cat&post=19713"},{"taxonomy":"product_tag","embeddable":true,"href":"https:\/\/www.caffefadi.it\/index.php?rest_route=%2Fwp%2Fv2%2Fproduct_tag&post=19713"}],"curies":[{"name":"wp","href":"https:\/\/api.w.org\/{rel}","templated":true}]}}