{"id":19709,"date":"2024-11-22T10:32:03","date_gmt":"2024-11-22T10:32:03","guid":{"rendered":"https:\/\/www.caffefadi.it\/?post_type=product&#038;p=19709"},"modified":"2026-02-12T09:47:10","modified_gmt":"2026-02-12T08:47:10","slug":"decaffeinato-macinato","status":"publish","type":"product","link":"https:\/\/www.caffefadi.it\/?product=decaffeinato-macinato","title":{"rendered":"Decaffeinato macinato"},"content":{"rendered":"<h2>Decaffeinato Macinato per Moka di Caff\u00e8 Fadi: Un caff\u00e8 senza caffeina con aroma unico e intenso<\/h2>\n<p>Prova il piacere autentico del caff\u00e8 senza caffeina con il Decaffeinato macinato per moka di Caff\u00e8 Fadi. Questa miscela raffinata \u00e8 studiata per offrire un aroma unico e irresistibile: dolci sentori di caramello e nocciole tostate si fondono con il profumo fragrante di pane biscottato, creando una bevanda cremosa e soddisfacente. Adatta a chi desidera un caff\u00e8 da gustare in ogni momento della giornata, senza rinunciare a un\u2019intensit\u00e0 ricca e avvolgente. Un decaffeinato che non scende a compromessi, pensato per chi ama il caff\u00e8 in tutta la sua pienezza.<\/p>\n","protected":false},"excerpt":{"rendered":"<p>Scopri il Decaffeinato macinato per moka di <a href=\"https:\/\/www.facebook.com\/CaffeFadi\">Caff\u00e8 Fadi<\/a>, una miscela raffinata che unisce dolci note di caramello e nocciole tostate con il profumo di pane biscottato, offrendo un caff\u00e8 ricco e cremoso. Perfetto per chi cerca un caff\u00e8 intenso e avvolgente, senza rinunciare al piacere del gusto in ogni momento della giornata.<\/p>\n<p> <a class=\"more-link\" href=\"https:\/\/www.caffefadi.it\/?product=decaffeinato-macinato\">Leggi tutto<\/a><\/p>","protected":false},"featured_media":19726,"comment_status":"open","ping_status":"closed","template":"","meta":[],"product_brand":[],"product_cat":[153],"product_tag":[162,243,171,165,169],"class_list":{"0":"post-19709","1":"product","2":"type-product","3":"status-publish","4":"has-post-thumbnail","6":"product_cat-caffe-macinato","7":"product_tag-arabica","8":"product_tag-barattolo","9":"product_tag-decaffeinato","10":"product_tag-macinato","11":"product_tag-robusta","13":"first","14":"outofstock","15":"taxable","16":"shipping-taxable","17":"purchasable","18":"product-type-simple"},"_links":{"self":[{"href":"https:\/\/www.caffefadi.it\/index.php?rest_route=\/wp\/v2\/product\/19709","targetHints":{"allow":["GET"]}}],"collection":[{"href":"https:\/\/www.caffefadi.it\/index.php?rest_route=\/wp\/v2\/product"}],"about":[{"href":"https:\/\/www.caffefadi.it\/index.php?rest_route=\/wp\/v2\/types\/product"}],"replies":[{"embeddable":true,"href":"https:\/\/www.caffefadi.it\/index.php?rest_route=%2Fwp%2Fv2%2Fcomments&post=19709"}],"version-history":[{"count":2,"href":"https:\/\/www.caffefadi.it\/index.php?rest_route=\/wp\/v2\/product\/19709\/revisions"}],"predecessor-version":[{"id":24242,"href":"https:\/\/www.caffefadi.it\/index.php?rest_route=\/wp\/v2\/product\/19709\/revisions\/24242"}],"wp:featuredmedia":[{"embeddable":true,"href":"https:\/\/www.caffefadi.it\/index.php?rest_route=\/wp\/v2\/media\/19726"}],"wp:attachment":[{"href":"https:\/\/www.caffefadi.it\/index.php?rest_route=%2Fwp%2Fv2%2Fmedia&parent=19709"}],"wp:term":[{"taxonomy":"product_brand","embeddable":true,"href":"https:\/\/www.caffefadi.it\/index.php?rest_route=%2Fwp%2Fv2%2Fproduct_brand&post=19709"},{"taxonomy":"product_cat","embeddable":true,"href":"https:\/\/www.caffefadi.it\/index.php?rest_route=%2Fwp%2Fv2%2Fproduct_cat&post=19709"},{"taxonomy":"product_tag","embeddable":true,"href":"https:\/\/www.caffefadi.it\/index.php?rest_route=%2Fwp%2Fv2%2Fproduct_tag&post=19709"}],"curies":[{"name":"wp","href":"https:\/\/api.w.org\/{rel}","templated":true}]}}