{"id":19691,"date":"2024-11-22T09:56:30","date_gmt":"2024-11-22T09:56:30","guid":{"rendered":"https:\/\/www.caffefadi.it\/?post_type=product&#038;p=19691"},"modified":"2025-01-07T10:01:11","modified_gmt":"2025-01-07T10:01:11","slug":"decaffeinato-in-grani","status":"publish","type":"product","link":"https:\/\/www.caffefadi.it\/?product=decaffeinato-in-grani","title":{"rendered":"Decaffeinato in grani"},"content":{"rendered":"\r\n<h2>Riscopri il gusto del caff\u00e8 con il Decaffeinato in grani di Caff\u00e8 Fadi: Un espresso ricco e senza caffeina<\/h2>\r\n<p>Riscopri il piacere del caff\u00e8 con il Decaffeinato in Grani di Caff\u00e8 Fadi, una miscela superlativa che unisce il gusto avvolgente alla leggerezza della mancanza di caffeina. Con note aromatiche di caramello, pane biscottato e nocciole tostate, questo caff\u00e8 offre un espresso ricco e complesso che sapr\u00e0 conquistare anche i palati pi\u00f9 esigenti.<br \/>Ogni sorso \u00e8 un viaggio tra sapori deliziosi, perfetto per chi desidera godere di una pausa rilassante senza rinunciare al piacere di un ottimo caff\u00e8. Ideale in qualsiasi momento della giornata, il nostro decaffeinato \u00e8 l\u2019alleato perfetto per chi ama il caff\u00e8 e desidera un momento di puro relax.<\/p>\r\n\r\n\r\n","protected":false},"excerpt":{"rendered":"<p>Il Decaffeinato in Grani di <a href=\"https:\/\/www.facebook.com\/CaffeFadi\">Caff\u00e8 Fadi<\/a> offre un espresso ricco e complesso, con note di caramello, pane biscottato e nocciole tostate, ideale per i palati pi\u00f9 esigenti. Perfetto per una pausa rilassante in qualsiasi momento della giornata, unisce gusto avvolgente e leggerezza senza caffeina.<\/p>\n<p> <a class=\"more-link\" href=\"https:\/\/www.caffefadi.it\/?product=decaffeinato-in-grani\">Leggi tutto<\/a><\/p>","protected":false},"featured_media":19692,"comment_status":"open","ping_status":"closed","template":"","meta":[],"product_brand":[],"product_cat":[154],"product_tag":[162,171,164,169],"class_list":{"0":"post-19691","1":"product","2":"type-product","3":"status-publish","4":"has-post-thumbnail","6":"product_cat-caffe-in-grani","7":"product_tag-arabica","8":"product_tag-decaffeinato","9":"product_tag-grani","10":"product_tag-robusta","12":"first","13":"instock","14":"taxable","15":"shipping-taxable","16":"purchasable","17":"product-type-simple"},"_links":{"self":[{"href":"https:\/\/www.caffefadi.it\/index.php?rest_route=\/wp\/v2\/product\/19691","targetHints":{"allow":["GET"]}}],"collection":[{"href":"https:\/\/www.caffefadi.it\/index.php?rest_route=\/wp\/v2\/product"}],"about":[{"href":"https:\/\/www.caffefadi.it\/index.php?rest_route=\/wp\/v2\/types\/product"}],"replies":[{"embeddable":true,"href":"https:\/\/www.caffefadi.it\/index.php?rest_route=%2Fwp%2Fv2%2Fcomments&post=19691"}],"version-history":[{"count":3,"href":"https:\/\/www.caffefadi.it\/index.php?rest_route=\/wp\/v2\/product\/19691\/revisions"}],"predecessor-version":[{"id":23279,"href":"https:\/\/www.caffefadi.it\/index.php?rest_route=\/wp\/v2\/product\/19691\/revisions\/23279"}],"wp:featuredmedia":[{"embeddable":true,"href":"https:\/\/www.caffefadi.it\/index.php?rest_route=\/wp\/v2\/media\/19692"}],"wp:attachment":[{"href":"https:\/\/www.caffefadi.it\/index.php?rest_route=%2Fwp%2Fv2%2Fmedia&parent=19691"}],"wp:term":[{"taxonomy":"product_brand","embeddable":true,"href":"https:\/\/www.caffefadi.it\/index.php?rest_route=%2Fwp%2Fv2%2Fproduct_brand&post=19691"},{"taxonomy":"product_cat","embeddable":true,"href":"https:\/\/www.caffefadi.it\/index.php?rest_route=%2Fwp%2Fv2%2Fproduct_cat&post=19691"},{"taxonomy":"product_tag","embeddable":true,"href":"https:\/\/www.caffefadi.it\/index.php?rest_route=%2Fwp%2Fv2%2Fproduct_tag&post=19691"}],"curies":[{"name":"wp","href":"https:\/\/api.w.org\/{rel}","templated":true}]}}