{"id":19683,"date":"2024-11-22T09:27:38","date_gmt":"2024-11-22T09:27:38","guid":{"rendered":"https:\/\/www.caffefadi.it\/?post_type=product&#038;p=19683"},"modified":"2025-01-07T10:00:47","modified_gmt":"2025-01-07T10:00:47","slug":"crema-darabia","status":"publish","type":"product","link":"https:\/\/www.caffefadi.it\/?product=crema-darabia","title":{"rendered":"Crema d&#8217;Arabia in grani"},"content":{"rendered":"<p>Scopri il piacere di un espresso unico con la nostra Crema d\u2019Arabia in Grani. Questa miscela nasce dall\u2019unione di sei arabica rari, provenienti da terre ricche e fertili in Centro America, Asia e Africa, che sprigionano un aroma intenso e inconfondibile. Al primo sorso, emergono note di cacao e caramello, accompagnate da un delicato accento di frutta secca e un tocco raffinato di scorza d\u2019arancia candita.<br \/>La crema vellutata e persistente completa l\u2019esperienza, regalando un caff\u00e8 bilanciato e dall\u2019eleganza senza tempo, pensato per chi ama i sapori autentici e ricchi di sfumature.<\/p>\n","protected":false},"excerpt":{"rendered":"<p>Scopri la Crema d\u2019Arabia in Grani, una miscela esclusiva di sei arabica rari provenienti da terre fertili di Centro America, Asia e Africa, che offre un aroma intenso con note di cacao, caramello, frutta secca e scorza d\u2019arancia candita. Con una crema vellutata e persistente, questo caff\u00e8 bilanciato \u00e8 perfetto per chi cerca eleganza e autenticit\u00e0 in ogni sorso.<\/p>\n<p> <a class=\"more-link\" href=\"https:\/\/www.caffefadi.it\/?product=crema-darabia\">Leggi tutto<\/a><\/p>","protected":false},"featured_media":19688,"comment_status":"open","ping_status":"closed","template":"","meta":[],"product_brand":[],"product_cat":[154],"product_tag":[172,162,164],"class_list":{"0":"post-19683","1":"product","2":"type-product","3":"status-publish","4":"has-post-thumbnail","6":"product_cat-caffe-in-grani","7":"product_tag-100-arabica","8":"product_tag-arabica","9":"product_tag-grani","11":"first","12":"outofstock","13":"taxable","14":"shipping-taxable","15":"purchasable","16":"product-type-simple"},"_links":{"self":[{"href":"https:\/\/www.caffefadi.it\/index.php?rest_route=\/wp\/v2\/product\/19683","targetHints":{"allow":["GET"]}}],"collection":[{"href":"https:\/\/www.caffefadi.it\/index.php?rest_route=\/wp\/v2\/product"}],"about":[{"href":"https:\/\/www.caffefadi.it\/index.php?rest_route=\/wp\/v2\/types\/product"}],"replies":[{"embeddable":true,"href":"https:\/\/www.caffefadi.it\/index.php?rest_route=%2Fwp%2Fv2%2Fcomments&post=19683"}],"version-history":[{"count":1,"href":"https:\/\/www.caffefadi.it\/index.php?rest_route=\/wp\/v2\/product\/19683\/revisions"}],"predecessor-version":[{"id":24236,"href":"https:\/\/www.caffefadi.it\/index.php?rest_route=\/wp\/v2\/product\/19683\/revisions\/24236"}],"wp:featuredmedia":[{"embeddable":true,"href":"https:\/\/www.caffefadi.it\/index.php?rest_route=\/wp\/v2\/media\/19688"}],"wp:attachment":[{"href":"https:\/\/www.caffefadi.it\/index.php?rest_route=%2Fwp%2Fv2%2Fmedia&parent=19683"}],"wp:term":[{"taxonomy":"product_brand","embeddable":true,"href":"https:\/\/www.caffefadi.it\/index.php?rest_route=%2Fwp%2Fv2%2Fproduct_brand&post=19683"},{"taxonomy":"product_cat","embeddable":true,"href":"https:\/\/www.caffefadi.it\/index.php?rest_route=%2Fwp%2Fv2%2Fproduct_cat&post=19683"},{"taxonomy":"product_tag","embeddable":true,"href":"https:\/\/www.caffefadi.it\/index.php?rest_route=%2Fwp%2Fv2%2Fproduct_tag&post=19683"}],"curies":[{"name":"wp","href":"https:\/\/api.w.org\/{rel}","templated":true}]}}