{"id":26099,"date":"2025-03-12T15:54:11","date_gmt":"2025-03-12T14:54:11","guid":{"rendered":"https:\/\/www.caffefadi.it\/?page_id=26099"},"modified":"2025-03-12T15:55:54","modified_gmt":"2025-03-12T14:55:54","slug":"nasze-katalogi","status":"publish","type":"page","link":"https:\/\/www.caffefadi.it\/?page_id=26099","title":{"rendered":"Nasze katalogi"},"content":{"rendered":"\t\t<div data-elementor-type=\"wp-page\" data-elementor-id=\"26099\" class=\"elementor elementor-26099\" data-elementor-post-type=\"page\">\n\t\t\t\t<div class=\"elementor-element elementor-element-414b4d0 e-flex e-con-boxed e-con e-parent\" data-id=\"414b4d0\" data-element_type=\"container\" data-e-type=\"container\" data-settings=\"{&quot;background_background&quot;:&quot;classic&quot;}\">\n\t\t\t\t\t<div class=\"e-con-inner\">\n\t\t<div class=\"elementor-element elementor-element-98f5d08 e-con-full e-flex e-con e-child\" data-id=\"98f5d08\" data-element_type=\"container\" data-e-type=\"container\" data-settings=\"{&quot;background_background&quot;:&quot;classic&quot;}\">\n\t\t\t\t<div class=\"elementor-element elementor-element-2b1c2c7 elementor-widget elementor-widget-heading\" data-id=\"2b1c2c7\" data-element_type=\"widget\" data-e-type=\"widget\" data-widget_type=\"heading.default\">\n\t\t\t\t<div class=\"elementor-widget-container\">\n\t\t\t\t\t<h2 class=\"elementor-heading-title elementor-size-default\">Odkryj uniwersum Caff\u00e8 Fadi z naszymi katalogami<\/h2>\t\t\t\t<\/div>\n\t\t\t\t<\/div>\n\t\t\t\t<div class=\"elementor-element elementor-element-5f000cc elementor-widget elementor-widget-text-editor\" data-id=\"5f000cc\" data-element_type=\"widget\" data-e-type=\"widget\" data-widget_type=\"text-editor.default\">\n\t\t\t\t<div class=\"elementor-widget-container\">\n\t\t\t\t\t\t\t\t\t<p>Witamy w sekcji po\u015bwi\u0119conej naszym katalogom, sercu naszej pracy maj\u0105cej na celu oferowanie jako\u015bci, r\u00f3\u017cnorodno\u015bci i pasji w \u015bwiecie napoj\u00f3w. Od zawsze, <a href=\"https:\/\/www.facebook.com\/CaffeFadi\" target=\"_blank\" rel=\"noopener\">Caff\u00e8 Fadi<\/a> wyr\u00f3\u017cnia si\u0119 zdolno\u015bci\u0105 \u0142\u0105czenia tradycji z innowacj\u0105, oferuj\u0105c rozwi\u0105zania, kt\u00f3re spe\u0142niaj\u0105 oczekiwania najbardziej wymagaj\u0105cych podniebie\u0144 i wyprzedzaj\u0105 trendy w bran\u017cy.<\/p><p>Ka\u017cdy katalog, kt\u00f3ry prezentujemy, to podr\u00f3\u017c po odkrywaniu unikalnych aromat\u00f3w, smak\u00f3w i zapach\u00f3w, starannie wyselekcjonowanych, aby zapewni\u0107 niezr\u00f3wnane do\u015bwiadczenie sensoryczne. To nie tylko produkty, ale historie opowiadaj\u0105ce o naszej pasji do jako\u015bci i smaku. W tej sekcji zapraszamy do zanurzenia si\u0119 w \u015bwiecie doskona\u0142o\u015bci, gdzie ka\u017cdy szczeg\u00f3\u0142 jest zaprojektowany, by przekaza\u0107 nasz\u0105 pasj\u0119 do gor\u0105cych i zimnych napoj\u00f3w.<\/p><p>Nasza oferta charakteryzuje si\u0119 bogactwem i zr\u00f3\u017cnicowaniem. Od intensywnych i otulaj\u0105cych aromat\u00f3w kawy, po delikatne i regeneruj\u0105ce zapachy herbaty, przez kremow\u0105 s\u0142odycz ginseng i niezast\u0105pion\u0105 przyjemno\u015b\u0107 czekolady, a\u017c po orze\u017awiaj\u0105ce propozycje. W ka\u017cdej linii znajd\u0105 Pa\u0144stwo starannie dobran\u0105 i zr\u00f3\u017cnicowan\u0105 gam\u0119, zaprojektowan\u0105, aby spe\u0142ni\u0107 wszystkie potrzeby, niezale\u017cnie od tego, czy chodzi o chwil\u0119 relaksu w domu, czy ch\u0119\u0107 zaskoczenia swoich klient\u00f3w wyj\u0105tkow\u0105 i wysokiej jako\u015bci ofert\u0105.<\/p><p>Przegl\u0105daj\u0105c nasze katalogi, b\u0119dziecie mogli odkrywa\u0107 wszech\u015bwiat autentycznych i innowacyjnych smak\u00f3w, doskonale zbalansowanych, aby zaspokoi\u0107 ka\u017cde podniebienie. Nasza filozofia opiera si\u0119 na ci\u0105g\u0142ym poszukiwaniu doskona\u0142o\u015bci: wsp\u00f3\u0142pracujemy z wyselekcjonowanymi dostawcami, stawiaj\u0105c na surowce najwy\u017cszej jako\u015bci oraz obr\u00f3bk\u0119, kt\u00f3ra szanuje istot\u0119 ka\u017cdego sk\u0142adnika. Przek\u0142ada si\u0119 to na ofert\u0119, kt\u00f3ra \u0142\u0105czy rzemios\u0142o, innowacj\u0119 i szacunek dla tradycji.<\/p><p>Jednak nasze katalogi to nie tylko wystawa produkt\u00f3w: s\u0105 to tak\u017ce cenne narz\u0119dzia dla tych, kt\u00f3rzy pragn\u0105 zg\u0142\u0119bi\u0107 cechy naszych linii i odkry\u0107, jak ka\u017cdy produkt mo\u017ce zrobi\u0107 r\u00f3\u017cnic\u0119 w ich ofercie. Dlatego dok\u0142adamy wszelkich stara\u0144, aby ka\u017cdy katalog by\u0142 jasny, kompletny i pe\u0142en inspiracji, aby\u015bcie \u0142atwo znale\u017ali to, co najlepiej odpowiada Waszym potrzebom.<\/p><p>Ta sekcja naszej strony zosta\u0142a zaprojektowana z my\u015bl\u0105 o Was: profesjonalistach bran\u017cy, mi\u0142o\u015bnikach napoj\u00f3w, czy po prostu ciekawych nowych do\u015bwiadcze\u0144 smakowych. Tutaj ka\u017cdy katalog opowiada histori\u0119 pasji i zaanga\u017cowania, maj\u0105c na celu zabranie Was w podr\u00f3\u017c po najlepszych propozycjach Caff\u00e8 Fadi.<\/p><p>Eksplorowanie naszych katalog\u00f3w to odkrywanie przyjemno\u015bci z r\u00f3\u017cnorodno\u015bci i jako\u015bci, w podr\u00f3\u017cy, kt\u00f3ra docenia nie tylko smaki, ale r\u00f3wnie\u017c ca\u0142e do\u015bwiadczenie degustacji. Od idealnego espresso po orze\u017awiaj\u0105cy nap\u00f3j na cieplejsze dni, nasze propozycje wiedz\u0105, jak zamieni\u0107 ka\u017cd\u0105 chwil\u0119 w wyj\u0105tkow\u0105 okazj\u0119.<\/p><p>Nasze katalogi to idealny punkt wyj\u015bcia dla tych, kt\u00f3rzy chc\u0105 bli\u017cej pozna\u0107 nasz \u015bwiat, daj\u0105c si\u0119 zainspirowa\u0107 wyselekcjonowan\u0105, zawsze aktualizowan\u0105 ofert\u0105. Wejd\u017a i odkryj wszystko, co przygotowali\u015bmy dla Ciebie: gam\u0119, kt\u00f3ra m\u00f3wi o doskona\u0142o\u015bci, pasji i dba\u0142o\u015bci o ka\u017cdy szczeg\u00f3\u0142. Caff\u00e8 Fadi zaprasza Ci\u0119 do swojego \u015bwiata niezapomnianych smak\u00f3w.<\/p>\t\t\t\t\t\t\t\t<\/div>\n\t\t\t\t<\/div>\n\t\t<div class=\"elementor-element elementor-element-36d59b9 e-grid e-con-full e-con e-child\" data-id=\"36d59b9\" data-element_type=\"container\" data-e-type=\"container\" data-settings=\"{&quot;background_background&quot;:&quot;classic&quot;}\">\n\t\t\t\t<div class=\"elementor-element elementor-element-33111a6 elementor-flip-box--direction-right elementor-flip-box--effect-flip elementor-widget elementor-widget-flip-box\" data-id=\"33111a6\" data-element_type=\"widget\" data-e-type=\"widget\" data-widget_type=\"flip-box.default\">\n\t\t\t\t<div class=\"elementor-widget-container\">\n\t\t\t\t\t\t\t<div class=\"elementor-flip-box\" tabindex=\"0\">\n\t\t\t<div class=\"elementor-flip-box__layer elementor-flip-box__front\">\n\t\t\t\t<div class=\"elementor-flip-box__layer__overlay\">\n\t\t\t\t\t<div class=\"elementor-flip-box__layer__inner\">\n\t\t\t\t\t\t\n\t\t\t\t\t\t\n\t\t\t\t\t\t\t\t\t\t\t<\/div>\n\t\t\t\t<\/div>\n\t\t\t<\/div>\n\t\t\t<div class=\"elementor-flip-box__layer elementor-flip-box__back\">\n\t\t\t<div class=\"elementor-flip-box__layer__overlay\">\n\t\t\t\t<div class=\"elementor-flip-box__layer__inner\">\n\t\t\t\t\t\t\t\t\t\t\t<h3 class=\"elementor-flip-box__layer__title\">\n\t\t\t\t\t\t\tCatalogo<\/br>caff\u00e8\t\t\t\t\t\t<\/h3>\n\t\t\t\t\t\n\t\t\t\t\t\t\t\t\t\t\t<div class=\"elementor-flip-box__layer__description\">\n\t\t\t\t\t\t\tScopri la nostra selezione di caff\u00e8, pensata per regalarti un'esperienza unica di gusto e qualit\u00e0. Dal classico espresso alle miscele pi\u00f9 raffinate, troverai tutto ci\u00f2 che serve per una pausa caff\u00e8 indimenticabile.\t\t\t\t\t\t<\/div>\n\t\t\t\t\t\n\t\t\t\t\t\t\t\t\t\t\t<a class=\"elementor-flip-box__button elementor-button elementor-size-sm\" href=\"https:\/\/www.caffefadi.it\/wp-content\/uploads\/2024\/12\/Catalogo-Torrefazione-2024-25.pdf\" target=\"_blank\" rel=\"nofollow\">\n\t\t\t\t\t\t\tVEDI\t\t\t\t\t\t<\/a>\n\t\t\t\t\t\t\t\t<\/div>\n\t\t<\/div>\n\t\t<\/div>\n\t\t<\/div>\n\t\t\t\t\t\t<\/div>\n\t\t\t\t<\/div>\n\t\t\t\t<div class=\"elementor-element elementor-element-eff9614 elementor-flip-box--direction-right elementor-flip-box--effect-flip elementor-widget elementor-widget-flip-box\" data-id=\"eff9614\" data-element_type=\"widget\" data-e-type=\"widget\" data-widget_type=\"flip-box.default\">\n\t\t\t\t<div class=\"elementor-widget-container\">\n\t\t\t\t\t\t\t<div class=\"elementor-flip-box\" tabindex=\"0\">\n\t\t\t<div class=\"elementor-flip-box__layer elementor-flip-box__front\">\n\t\t\t\t<div class=\"elementor-flip-box__layer__overlay\">\n\t\t\t\t\t<div class=\"elementor-flip-box__layer__inner\">\n\t\t\t\t\t\t\n\t\t\t\t\t\t\n\t\t\t\t\t\t\t\t\t\t\t<\/div>\n\t\t\t\t<\/div>\n\t\t\t<\/div>\n\t\t\t<div class=\"elementor-flip-box__layer elementor-flip-box__back\">\n\t\t\t<div class=\"elementor-flip-box__layer__overlay\">\n\t\t\t\t<div class=\"elementor-flip-box__layer__inner\">\n\t\t\t\t\t\t\t\t\t\t\t<h3 class=\"elementor-flip-box__layer__title\">\n\t\t\t\t\t\t\tCatalogo<\/br>Ginseng\t\t\t\t\t\t<\/h3>\n\t\t\t\t\t\n\t\t\t\t\t\t\t\t\t\t\t<div class=\"elementor-flip-box__layer__description\">\n\t\t\t\t\t\t\tEnergia e benessere in una tazza! Esplora il nostro assortimento di bevande al ginseng, ideali per chi cerca una carica naturale con un tocco di dolcezza e cremosit\u00e0.\t\t\t\t\t\t<\/div>\n\t\t\t\t\t\n\t\t\t\t\t\t\t\t\t\t\t<a class=\"elementor-flip-box__button elementor-button elementor-size-sm\" href=\"https:\/\/www.caffefadi.it\/wp-content\/uploads\/2024\/12\/Catalogo-Ginseng-2024-25.pdf\" target=\"_blank\" rel=\"nofollow\">\n\t\t\t\t\t\t\tVEDI\t\t\t\t\t\t<\/a>\n\t\t\t\t\t\t\t\t<\/div>\n\t\t<\/div>\n\t\t<\/div>\n\t\t<\/div>\n\t\t\t\t\t\t<\/div>\n\t\t\t\t<\/div>\n\t\t\t\t<div class=\"elementor-element elementor-element-3086dc9 elementor-flip-box--direction-right elementor-flip-box--effect-flip elementor-widget elementor-widget-flip-box\" data-id=\"3086dc9\" data-element_type=\"widget\" data-e-type=\"widget\" data-widget_type=\"flip-box.default\">\n\t\t\t\t<div class=\"elementor-widget-container\">\n\t\t\t\t\t\t\t<div class=\"elementor-flip-box\" tabindex=\"0\">\n\t\t\t<div class=\"elementor-flip-box__layer elementor-flip-box__front\">\n\t\t\t\t<div class=\"elementor-flip-box__layer__overlay\">\n\t\t\t\t\t<div class=\"elementor-flip-box__layer__inner\">\n\t\t\t\t\t\t\n\t\t\t\t\t\t\n\t\t\t\t\t\t\t\t\t\t\t<\/div>\n\t\t\t\t<\/div>\n\t\t\t<\/div>\n\t\t\t<div class=\"elementor-flip-box__layer elementor-flip-box__back\">\n\t\t\t<div class=\"elementor-flip-box__layer__overlay\">\n\t\t\t\t<div class=\"elementor-flip-box__layer__inner\">\n\t\t\t\t\t\t\t\t\t\t\t<h3 class=\"elementor-flip-box__layer__title\">\n\t\t\t\t\t\t\tCatalogo<\/br>T\u00e8 e Cioccolate\t\t\t\t\t\t<\/h3>\n\t\t\t\t\t\n\t\t\t\t\t\t\t\t\t\t\t<div class=\"elementor-flip-box__layer__description\">\n\t\t\t\t\t\t\tImmergiti in un mondo di aromi e sapori con i nostri t\u00e8 pregiati e le cioccolate irresistibili. Perfetti per ogni momento della giornata, dalla pausa rilassante al dessert.\t\t\t\t\t\t<\/div>\n\t\t\t\t\t\n\t\t\t\t\t\t\t\t\t\t\t<a class=\"elementor-flip-box__button elementor-button elementor-size-sm\" href=\"https:\/\/www.caffefadi.it\/wp-content\/uploads\/2024\/12\/Catalogo-Te-Cioccolata-2024-25.pdf\" target=\"_blank\" rel=\"nofollow\">\n\t\t\t\t\t\t\tVEDI\t\t\t\t\t\t<\/a>\n\t\t\t\t\t\t\t\t<\/div>\n\t\t<\/div>\n\t\t<\/div>\n\t\t<\/div>\n\t\t\t\t\t\t<\/div>\n\t\t\t\t<\/div>\n\t\t\t\t<div class=\"elementor-element elementor-element-ba4ce84 elementor-flip-box--direction-right elementor-flip-box--effect-flip elementor-widget elementor-widget-flip-box\" data-id=\"ba4ce84\" data-element_type=\"widget\" data-e-type=\"widget\" data-widget_type=\"flip-box.default\">\n\t\t\t\t<div class=\"elementor-widget-container\">\n\t\t\t\t\t\t\t<div class=\"elementor-flip-box\" tabindex=\"0\">\n\t\t\t<div class=\"elementor-flip-box__layer elementor-flip-box__front\">\n\t\t\t\t<div class=\"elementor-flip-box__layer__overlay\">\n\t\t\t\t\t<div class=\"elementor-flip-box__layer__inner\">\n\t\t\t\t\t\t\n\t\t\t\t\t\t\n\t\t\t\t\t\t\t\t\t\t\t<\/div>\n\t\t\t\t<\/div>\n\t\t\t<\/div>\n\t\t\t<div class=\"elementor-flip-box__layer elementor-flip-box__back\">\n\t\t\t<div class=\"elementor-flip-box__layer__overlay\">\n\t\t\t\t<div class=\"elementor-flip-box__layer__inner\">\n\t\t\t\t\t\t\t\t\t\t\t<h3 class=\"elementor-flip-box__layer__title\">\n\t\t\t\t\t\t\tCatalogo<\/br>prodotti freddi\t\t\t\t\t\t<\/h3>\n\t\t\t\t\t\n\t\t\t\t\t\t\t\t\t\t\t<div class=\"elementor-flip-box__layer__description\">\n\t\t\t\t\t\t\tFreschezza e gusto tutto l\u2019anno! Scopri la gamma dei nostri prodotti freddi, dalle granite alle bevande rinfrescanti, ideali per chi cerca sollievo dal caldo con stile.\t\t\t\t\t\t<\/div>\n\t\t\t\t\t\n\t\t\t\t\t\t\t\t\t\t\t<a class=\"elementor-flip-box__button elementor-button elementor-size-sm\" href=\"https:\/\/www.caffefadi.it\/wp-content\/uploads\/2024\/12\/Catalogo-Freddi-2024-25.pdf\" target=\"_blank\" rel=\"nofollow\">\n\t\t\t\t\t\t\tVEDI\t\t\t\t\t\t<\/a>\n\t\t\t\t\t\t\t\t<\/div>\n\t\t<\/div>\n\t\t<\/div>\n\t\t<\/div>\n\t\t\t\t\t\t<\/div>\n\t\t\t\t<\/div>\n\t\t\t\t<\/div>\n\t\t\t\t<\/div>\n\t\t\t\t\t<\/div>\n\t\t\t\t<\/div>\n\t\t\t\t<\/div>\n\t\t","protected":false},"excerpt":{"rendered":"<p>Odkryj uniwersum Caff\u00e8 Fadi z naszymi katalogami Witamy w sekcji po\u015bwi\u0119conej naszym katalogom, sercu naszej pracy maj\u0105cej na celu oferowanie jako\u015bci, r\u00f3\u017cnorodno\u015bci i pasji w \u015bwiecie napoj\u00f3w. Od zawsze, Caff\u00e8 Fadi wyr\u00f3\u017cnia si\u0119 zdolno\u015bci\u0105 \u0142\u0105czenia tradycji z innowacj\u0105, oferuj\u0105c rozwi\u0105zania, kt\u00f3re spe\u0142niaj\u0105 oczekiwania najbardziej wymagaj\u0105cych podniebie\u0144 i wyprzedzaj\u0105 trendy w bran\u017cy. Ka\u017cdy katalog, kt\u00f3ry prezentujemy, to podr\u00f3\u017c po odkrywaniu unikalnych aromat\u00f3w, smak\u00f3w i zapach\u00f3w, starannie wyselekcjonowanych, aby zapewni\u0107 niezr\u00f3wnane do\u015bwiadczenie sensoryczne. To nie tylko produkty, ale historie opowiadaj\u0105ce o naszej pasji do jako\u015bci i smaku. W tej sekcji zapraszamy do zanurzenia si\u0119 w \u015bwiecie doskona\u0142o\u015bci, gdzie ka\u017cdy szczeg\u00f3\u0142 jest zaprojektowany, by przekaza\u0107 nasz\u0105 pasj\u0119 do gor\u0105cych i zimnych napoj\u00f3w. Nasza oferta charakteryzuje si\u0119 bogactwem i zr\u00f3\u017cnicowaniem. Od intensywnych i otulaj\u0105cych aromat\u00f3w kawy, po delikatne i regeneruj\u0105ce zapachy herbaty, przez kremow\u0105 s\u0142odycz ginseng i niezast\u0105pion\u0105 przyjemno\u015b\u0107 czekolady, a\u017c po orze\u017awiaj\u0105ce propozycje. W ka\u017cdej linii znajd\u0105 Pa\u0144stwo starannie dobran\u0105 i zr\u00f3\u017cnicowan\u0105 gam\u0119,&hellip;<\/p>\n<p> <a class=\"more-link\" href=\"https:\/\/www.caffefadi.it\/?page_id=26099\">Leggi tutto<\/a><\/p>\n","protected":false},"author":1,"featured_media":0,"parent":0,"menu_order":0,"comment_status":"closed","ping_status":"closed","template":"elementor_header_footer","meta":{"footnotes":""},"class_list":["post-26099","page","type-page","status-publish"],"_links":{"self":[{"href":"https:\/\/www.caffefadi.it\/index.php?rest_route=\/wp\/v2\/pages\/26099","targetHints":{"allow":["GET"]}}],"collection":[{"href":"https:\/\/www.caffefadi.it\/index.php?rest_route=\/wp\/v2\/pages"}],"about":[{"href":"https:\/\/www.caffefadi.it\/index.php?rest_route=\/wp\/v2\/types\/page"}],"author":[{"embeddable":true,"href":"https:\/\/www.caffefadi.it\/index.php?rest_route=\/wp\/v2\/users\/1"}],"replies":[{"embeddable":true,"href":"https:\/\/www.caffefadi.it\/index.php?rest_route=%2Fwp%2Fv2%2Fcomments&post=26099"}],"version-history":[{"count":4,"href":"https:\/\/www.caffefadi.it\/index.php?rest_route=\/wp\/v2\/pages\/26099\/revisions"}],"predecessor-version":[{"id":26103,"href":"https:\/\/www.caffefadi.it\/index.php?rest_route=\/wp\/v2\/pages\/26099\/revisions\/26103"}],"wp:attachment":[{"href":"https:\/\/www.caffefadi.it\/index.php?rest_route=%2Fwp%2Fv2%2Fmedia&parent=26099"}],"curies":[{"name":"wp","href":"https:\/\/api.w.org\/{rel}","templated":true}]}}