{"id":26020,"date":"2025-03-12T13:30:02","date_gmt":"2025-03-12T12:30:02","guid":{"rendered":"https:\/\/www.caffefadi.it\/?page_id=26020"},"modified":"2025-03-12T13:35:51","modified_gmt":"2025-03-12T12:35:51","slug":"marka-prywatna","status":"publish","type":"page","link":"https:\/\/www.caffefadi.it\/?page_id=26020","title":{"rendered":"Marka prywatna"},"content":{"rendered":"\t\t<div data-elementor-type=\"wp-page\" data-elementor-id=\"26020\" class=\"elementor elementor-26020\" data-elementor-post-type=\"page\">\n\t\t\t\t<div class=\"elementor-element elementor-element-119834f e-flex e-con-boxed e-con e-parent\" data-id=\"119834f\" data-element_type=\"container\" data-e-type=\"container\" data-settings=\"{&quot;background_background&quot;:&quot;classic&quot;}\">\n\t\t\t\t\t<div class=\"e-con-inner\">\n\t\t<div class=\"elementor-element elementor-element-59b55bf e-con-full e-flex e-con e-child\" data-id=\"59b55bf\" data-element_type=\"container\" data-e-type=\"container\" data-settings=\"{&quot;background_background&quot;:&quot;classic&quot;}\">\n\t\t\t\t<div class=\"elementor-element elementor-element-15bead1 elementor-absolute elementor-widget elementor-widget-menu-anchor\" data-id=\"15bead1\" data-element_type=\"widget\" data-e-type=\"widget\" data-settings=\"{&quot;_position&quot;:&quot;absolute&quot;}\" data-widget_type=\"menu-anchor.default\">\n\t\t\t\t<div class=\"elementor-widget-container\">\n\t\t\t\t\t\t\t<div class=\"elementor-menu-anchor\" id=\"home\"><\/div>\n\t\t\t\t\t\t<\/div>\n\t\t\t\t<\/div>\n\t\t<div class=\"elementor-element elementor-element-61d25d2 e-con-full e-flex e-con e-child\" data-id=\"61d25d2\" data-element_type=\"container\" data-e-type=\"container\" data-settings=\"{&quot;background_background&quot;:&quot;classic&quot;}\">\n\t\t\t\t<\/div>\n\t\t<div class=\"elementor-element elementor-element-1e00363 e-con-full e-flex e-con e-child\" data-id=\"1e00363\" data-element_type=\"container\" data-e-type=\"container\" data-settings=\"{&quot;background_background&quot;:&quot;classic&quot;}\">\n\t\t<div class=\"elementor-element elementor-element-2aac1c3 e-con-full e-flex e-con e-child\" data-id=\"2aac1c3\" data-element_type=\"container\" data-e-type=\"container\" data-settings=\"{&quot;background_background&quot;:&quot;classic&quot;}\">\n\t\t\t\t<div class=\"elementor-element elementor-element-f4932c7 elementor-widget elementor-widget-image\" data-id=\"f4932c7\" data-element_type=\"widget\" data-e-type=\"widget\" data-widget_type=\"image.default\">\n\t\t\t\t<div class=\"elementor-widget-container\">\n\t\t\t\t\t\t\t\t\t\t\t\t\t\t\t<img fetchpriority=\"high\" decoding=\"async\" width=\"683\" height=\"1024\" src=\"https:\/\/www.caffefadi.it\/wp-content\/uploads\/2021\/12\/MAX8410-683x1024.jpg\" class=\"attachment-large size-large wp-image-16282\" alt=\"Private Label\" srcset=\"https:\/\/www.caffefadi.it\/wp-content\/uploads\/2021\/12\/MAX8410-683x1024.jpg 683w, https:\/\/www.caffefadi.it\/wp-content\/uploads\/2021\/12\/MAX8410-600x900.jpg 600w, https:\/\/www.caffefadi.it\/wp-content\/uploads\/2021\/12\/MAX8410-200x300.jpg 200w, https:\/\/www.caffefadi.it\/wp-content\/uploads\/2021\/12\/MAX8410-768x1152.jpg 768w, https:\/\/www.caffefadi.it\/wp-content\/uploads\/2021\/12\/MAX8410.jpg 1000w\" sizes=\"(max-width: 683px) 100vw, 683px\" \/>\t\t\t\t\t\t\t\t\t\t\t\t\t\t\t<\/div>\n\t\t\t\t<\/div>\n\t\t\t\t<\/div>\n\t\t<div class=\"elementor-element elementor-element-6ed758e e-con-full e-flex e-con e-child\" data-id=\"6ed758e\" data-element_type=\"container\" data-e-type=\"container\" data-settings=\"{&quot;background_background&quot;:&quot;classic&quot;}\">\n\t\t\t\t<div class=\"elementor-element elementor-element-bde00b8 elementor-widget__width-inherit elementor-widget elementor-widget-text-editor\" data-id=\"bde00b8\" data-element_type=\"widget\" data-e-type=\"widget\" data-widget_type=\"text-editor.default\">\n\t\t\t\t<div class=\"elementor-widget-container\">\n\t\t\t\t\t\t\t\t\t<p style=\"text-align: left;\">Private Label to jedna z wyr\u00f3\u017cniaj\u0105cych ofert Caff\u00e8 Fadi, stworzona, aby odpowiada\u0107 na konkretne potrzeby personalizacji i brandingu naszych klient\u00f3w. To us\u0142uga skierowana do firm, kt\u00f3re chc\u0105 sprzedawa\u0107 lub dystrybuowa\u0107 kaw\u0119 pod w\u0142asnym mark\u0105, zar\u00f3wno jako produkt do sprzeda\u017cy, jak i narz\u0119dzie promocyjne, bez konieczno\u015bci ponoszenia wysokich koszt\u00f3w i trudno\u015bci zwi\u0105zanych z budow\u0105 i zarz\u0105dzaniem palarni\u0105 kawy.<\/p><p>Aby sprosta\u0107 tym potrzebom, <a href=\"http:\/\/www.facebook.com\/caffefadi\" target=\"_blank\" rel=\"noopener\">Caff\u00e8 Fadi<\/a> oferuje solidne do\u015bwiadczenie oraz wiedz\u0119 techniczn\u0105, obejmuj\u0105c\u0105 ca\u0142y proces produkcji, zapewniaj\u0105c najwy\u017csz\u0105 jako\u015b\u0107 i dba\u0142o\u015b\u0107 o detale. Ka\u017cdy etap procesu jest realizowany z kompetencj\u0105 i pasj\u0105, gwarantuj\u0105c finalny produkt, kt\u00f3ry najlepiej odzwierciedla to\u017csamo\u015b\u0107 klienta.<\/p>\t\t\t\t\t\t\t\t<\/div>\n\t\t\t\t<\/div>\n\t\t\t\t<\/div>\n\t\t\t\t<\/div>\n\t\t<div class=\"elementor-element elementor-element-2cdf942 e-con-full e-flex e-con e-child\" data-id=\"2cdf942\" data-element_type=\"container\" data-e-type=\"container\" data-settings=\"{&quot;background_background&quot;:&quot;classic&quot;}\">\n\t\t\t\t<div class=\"elementor-element elementor-element-48ec4b9 elementor-widget elementor-widget-heading\" data-id=\"48ec4b9\" data-element_type=\"widget\" data-e-type=\"widget\" data-widget_type=\"heading.default\">\n\t\t\t\t<div class=\"elementor-widget-container\">\n\t\t\t\t\t<h2 class=\"elementor-heading-title elementor-size-default\">Le fasi del private label<\/h2>\t\t\t\t<\/div>\n\t\t\t\t<\/div>\n\t\t<div class=\"elementor-element elementor-element-ce8af76 e-con-full e-flex e-con e-child\" data-id=\"ce8af76\" data-element_type=\"container\" data-e-type=\"container\" data-settings=\"{&quot;background_background&quot;:&quot;classic&quot;}\">\n\t\t<div class=\"elementor-element elementor-element-7e08024 e-con-full e-flex e-con e-child\" data-id=\"7e08024\" data-element_type=\"container\" data-e-type=\"container\" data-settings=\"{&quot;background_background&quot;:&quot;classic&quot;}\">\n\t\t<div class=\"elementor-element elementor-element-7bbd3bc e-con-full e-flex e-con e-child\" data-id=\"7bbd3bc\" data-element_type=\"container\" data-e-type=\"container\">\n\t\t\t\t<div class=\"elementor-element elementor-element-16321e1 elementor-widget elementor-widget-heading\" data-id=\"16321e1\" data-element_type=\"widget\" data-e-type=\"widget\" data-widget_type=\"heading.default\">\n\t\t\t\t<div class=\"elementor-widget-container\">\n\t\t\t\t\t<h4 class=\"elementor-heading-title elementor-size-default\">Palarnia i tworzenie mieszanki<\/h4>\t\t\t\t<\/div>\n\t\t\t\t<\/div>\n\t\t\t\t<div class=\"elementor-element elementor-element-10b047b elementor-widget elementor-widget-text-editor\" data-id=\"10b047b\" data-element_type=\"widget\" data-e-type=\"widget\" data-widget_type=\"text-editor.default\">\n\t\t\t\t<div class=\"elementor-widget-container\">\n\t\t\t\t\t\t\t\t\t<p style=\"text-align: right;\">Podstaw\u0105 naszej pracy s\u0105 starannie wybrane ziarna kawy, pochodz\u0105ce z dw\u00f3ch najbardziej popularnych i cenionych odmian: <strong>Robusta<\/strong> i <strong>Arabica<\/strong>. Dzi\u0119ki naszemu do\u015bwiadczeniu w sztuce mieszania, jeste\u015bmy w stanie \u0142\u0105czy\u0107 te odmiany w odpowiednich proporcjach, aby uzyska\u0107 produkt, kt\u00f3ry w pe\u0142ni odpowiada wymaganiom klienta, zar\u00f3wno pod wzgl\u0119dem smaku, jak i jako\u015bci. Ka\u017cda mieszanka jest opracowywana na miar\u0119, uwzgl\u0119dniaj\u0105c specyficzne preferencje i potrzeby rynku docelowego.<\/p>\t\t\t\t\t\t\t\t<\/div>\n\t\t\t\t<\/div>\n\t\t\t\t<\/div>\n\t\t<div class=\"elementor-element elementor-element-e4b7d84 e-con-full e-flex e-con e-child\" data-id=\"e4b7d84\" data-element_type=\"container\" data-e-type=\"container\" data-settings=\"{&quot;background_background&quot;:&quot;classic&quot;}\">\n\t\t\t\t<\/div>\n\t\t\t\t<\/div>\n\t\t<div class=\"elementor-element elementor-element-6baa3a7 e-con-full e-flex e-con e-child\" data-id=\"6baa3a7\" data-element_type=\"container\" data-e-type=\"container\" data-settings=\"{&quot;background_background&quot;:&quot;classic&quot;}\">\n\t\t<div class=\"elementor-element elementor-element-4716044 e-con-full e-flex e-con e-child\" data-id=\"4716044\" data-element_type=\"container\" data-e-type=\"container\" data-settings=\"{&quot;background_background&quot;:&quot;classic&quot;}\">\n\t\t\t\t<\/div>\n\t\t<div class=\"elementor-element elementor-element-0869192 e-con-full e-flex e-con e-child\" data-id=\"0869192\" data-element_type=\"container\" data-e-type=\"container\">\n\t\t\t\t<div class=\"elementor-element elementor-element-926cd33 elementor-widget elementor-widget-heading\" data-id=\"926cd33\" data-element_type=\"widget\" data-e-type=\"widget\" data-widget_type=\"heading.default\">\n\t\t\t\t<div class=\"elementor-widget-container\">\n\t\t\t\t\t<h4 class=\"elementor-heading-title elementor-size-default\">Personalizowane pakowanie<\/h4>\t\t\t\t<\/div>\n\t\t\t\t<\/div>\n\t\t\t\t<div class=\"elementor-element elementor-element-cc6c5f0 elementor-widget elementor-widget-text-editor\" data-id=\"cc6c5f0\" data-element_type=\"widget\" data-e-type=\"widget\" data-widget_type=\"text-editor.default\">\n\t\t\t\t<div class=\"elementor-widget-container\">\n\t\t\t\t\t\t\t\t\t<p>\u0141a\u0144cuch produkcji dla <strong>private label<\/strong> obejmuje szerok\u0105 gam\u0119 format\u00f3w, ze szczeg\u00f3lnym uwzgl\u0119dnieniem <strong>mieszanek w ziarnach<\/strong> i <strong>ciald ESE44<\/strong> (<em>Easy Serving Espresso<\/em>). Te cialdy, b\u0119d\u0105ce jednymi z najpopularniejszych na rynku kawy jedno-porcji, zosta\u0142y zaprojektowane w celu zapewnienia optymalnego przechowywania \u015bwie\u017co\u015bci, aromatu i smaku, oferuj\u0105c doskona\u0142e espresso w ka\u017cdej fili\u017cance.<\/p><p style=\"text-align: left;\">Jednak\u017ce, zgodnie z nasz\u0105 filozofi\u0105 firmy nastawion\u0105 na <strong>zr\u00f3wnowa\u017cony rozw\u00f3j<\/strong>, produkcja kapsu\u0142ek nie jest brana pod uwag\u0119. Ta decyzja odzwierciedla nasze zaanga\u017cowanie w minimalizowanie wp\u0142ywu na \u015brodowisko, preferuj\u0105c bardziej ekologiczne formaty.<\/p>\t\t\t\t\t\t\t\t<\/div>\n\t\t\t\t<\/div>\n\t\t\t\t<\/div>\n\t\t\t\t<\/div>\n\t\t<div class=\"elementor-element elementor-element-203ef4b e-con-full e-flex e-con e-child\" data-id=\"203ef4b\" data-element_type=\"container\" data-e-type=\"container\" data-settings=\"{&quot;background_background&quot;:&quot;classic&quot;}\">\n\t\t<div class=\"elementor-element elementor-element-4b6bf86 e-con-full e-flex e-con e-child\" data-id=\"4b6bf86\" data-element_type=\"container\" data-e-type=\"container\">\n\t\t\t\t<div class=\"elementor-element elementor-element-33e22c0 elementor-widget elementor-widget-heading\" data-id=\"33e22c0\" data-element_type=\"widget\" data-e-type=\"widget\" data-widget_type=\"heading.default\">\n\t\t\t\t<div class=\"elementor-widget-container\">\n\t\t\t\t\t<h4 class=\"elementor-heading-title elementor-size-default\">Pakowanie i to\u017csamo\u015b\u0107 wizualna<\/h4>\t\t\t\t<\/div>\n\t\t\t\t<\/div>\n\t\t\t\t<div class=\"elementor-element elementor-element-2011de6 elementor-widget elementor-widget-text-editor\" data-id=\"2011de6\" data-element_type=\"widget\" data-e-type=\"widget\" data-widget_type=\"text-editor.default\">\n\t\t\t\t<div class=\"elementor-widget-container\">\n\t\t\t\t\t\t\t\t\t<p style=\"text-align: right;\">Wizerunek jest kluczowym elementem sukcesu produktu. Z tego powodu nasze wewn\u0119trzne biuro graficzne \u015bci\u015ble wsp\u00f3\u0142pracuje z klientem, aby zaprojektowa\u0107 i stworzy\u0107 opakowanie, kt\u00f3re jak najlepiej reprezentuje mark\u0119. Ka\u017cdy szczeg\u00f3\u0142 \u2013 od u\u017cytych materia\u0142\u00f3w po projekt graficzny \u2013 jest starannie dopracowany, aby stworzy\u0107 unikalny i wyr\u00f3\u017cniaj\u0105cy si\u0119 wizerunek, kt\u00f3ry przyci\u0105ga uwag\u0119 i przekazuje warto\u015bci firmy.<\/p>\t\t\t\t\t\t\t\t<\/div>\n\t\t\t\t<\/div>\n\t\t\t\t<\/div>\n\t\t<div class=\"elementor-element elementor-element-58ca479 e-con-full e-flex e-con e-child\" data-id=\"58ca479\" data-element_type=\"container\" data-e-type=\"container\" data-settings=\"{&quot;background_background&quot;:&quot;classic&quot;}\">\n\t\t\t\t<\/div>\n\t\t\t\t<\/div>\n\t\t\t\t<\/div>\n\t\t\t\t<\/div>\n\t\t\t\t<div class=\"elementor-element elementor-element-f503094 elementor-view-stacked elementor-shape-square elementor-absolute elementor-widget elementor-widget-icon\" data-id=\"f503094\" data-element_type=\"widget\" data-e-type=\"widget\" data-settings=\"{&quot;sticky&quot;:&quot;bottom&quot;,&quot;sticky_offset&quot;:126,&quot;sticky_parent&quot;:&quot;yes&quot;,&quot;_position&quot;:&quot;absolute&quot;,&quot;sticky_on&quot;:[&quot;desktop&quot;,&quot;tablet&quot;,&quot;mobile&quot;],&quot;sticky_effects_offset&quot;:0,&quot;sticky_anchor_link_offset&quot;:0}\" data-widget_type=\"icon.default\">\n\t\t\t\t<div class=\"elementor-widget-container\">\n\t\t\t\t\t\t\t<div class=\"elementor-icon-wrapper\">\n\t\t\t<a class=\"elementor-icon\" href=\"#home\">\n\t\t\t<i aria-hidden=\"true\" class=\"fas fa-arrow-up\"><\/i>\t\t\t<\/a>\n\t\t<\/div>\n\t\t\t\t\t\t<\/div>\n\t\t\t\t<\/div>\n\t\t\t\t<\/div>\n\t\t\t\t\t<\/div>\n\t\t\t\t<\/div>\n\t\t\t\t<\/div>\n\t\t","protected":false},"excerpt":{"rendered":"<p>Private Label to jedna z wyr\u00f3\u017cniaj\u0105cych ofert Caff\u00e8 Fadi, stworzona, aby odpowiada\u0107 na konkretne potrzeby personalizacji i brandingu naszych klient\u00f3w. To us\u0142uga skierowana do firm, kt\u00f3re chc\u0105 sprzedawa\u0107 lub dystrybuowa\u0107 kaw\u0119 pod w\u0142asnym mark\u0105, zar\u00f3wno jako produkt do sprzeda\u017cy, jak i narz\u0119dzie promocyjne, bez konieczno\u015bci ponoszenia wysokich koszt\u00f3w i trudno\u015bci zwi\u0105zanych z budow\u0105 i zarz\u0105dzaniem palarni\u0105 kawy. Aby sprosta\u0107 tym potrzebom, Caff\u00e8 Fadi oferuje solidne do\u015bwiadczenie oraz wiedz\u0119 techniczn\u0105, obejmuj\u0105c\u0105 ca\u0142y proces produkcji, zapewniaj\u0105c najwy\u017csz\u0105 jako\u015b\u0107 i dba\u0142o\u015b\u0107 o detale. Ka\u017cdy etap procesu jest realizowany z kompetencj\u0105 i pasj\u0105, gwarantuj\u0105c finalny produkt, kt\u00f3ry najlepiej odzwierciedla to\u017csamo\u015b\u0107 klienta. Le fasi del private label Palarnia i tworzenie mieszanki Podstaw\u0105 naszej pracy s\u0105 starannie wybrane ziarna kawy, pochodz\u0105ce z dw\u00f3ch najbardziej popularnych i cenionych odmian: Robusta i Arabica. Dzi\u0119ki naszemu do\u015bwiadczeniu w sztuce mieszania, jeste\u015bmy w stanie \u0142\u0105czy\u0107 te odmiany w odpowiednich proporcjach, aby uzyska\u0107 produkt, kt\u00f3ry w pe\u0142ni odpowiada wymaganiom klienta, zar\u00f3wno&hellip;<\/p>\n<p> <a class=\"more-link\" href=\"https:\/\/www.caffefadi.it\/?page_id=26020\">Leggi tutto<\/a><\/p>\n","protected":false},"author":1,"featured_media":0,"parent":0,"menu_order":0,"comment_status":"closed","ping_status":"closed","template":"elementor_header_footer","meta":{"footnotes":""},"class_list":["post-26020","page","type-page","status-publish"],"_links":{"self":[{"href":"https:\/\/www.caffefadi.it\/index.php?rest_route=\/wp\/v2\/pages\/26020","targetHints":{"allow":["GET"]}}],"collection":[{"href":"https:\/\/www.caffefadi.it\/index.php?rest_route=\/wp\/v2\/pages"}],"about":[{"href":"https:\/\/www.caffefadi.it\/index.php?rest_route=\/wp\/v2\/types\/page"}],"author":[{"embeddable":true,"href":"https:\/\/www.caffefadi.it\/index.php?rest_route=\/wp\/v2\/users\/1"}],"replies":[{"embeddable":true,"href":"https:\/\/www.caffefadi.it\/index.php?rest_route=%2Fwp%2Fv2%2Fcomments&post=26020"}],"version-history":[{"count":4,"href":"https:\/\/www.caffefadi.it\/index.php?rest_route=\/wp\/v2\/pages\/26020\/revisions"}],"predecessor-version":[{"id":26024,"href":"https:\/\/www.caffefadi.it\/index.php?rest_route=\/wp\/v2\/pages\/26020\/revisions\/26024"}],"wp:attachment":[{"href":"https:\/\/www.caffefadi.it\/index.php?rest_route=%2Fwp%2Fv2%2Fmedia&parent=26020"}],"curies":[{"name":"wp","href":"https:\/\/api.w.org\/{rel}","templated":true}]}}