{"id":25903,"date":"2025-03-11T13:14:29","date_gmt":"2025-03-11T12:14:29","guid":{"rendered":"https:\/\/www.caffefadi.it\/?page_id=25903"},"modified":"2025-03-11T13:18:11","modified_gmt":"2025-03-11T12:18:11","slug":"kim-jestesmy","status":"publish","type":"page","link":"https:\/\/www.caffefadi.it\/?page_id=25903","title":{"rendered":"Kim jeste\u015bmy"},"content":{"rendered":"\t\t<div data-elementor-type=\"wp-page\" data-elementor-id=\"25903\" class=\"elementor elementor-25903\" data-elementor-post-type=\"page\">\n\t\t\t\t<div class=\"elementor-element elementor-element-a119e2c e-flex e-con-boxed e-con e-parent\" data-id=\"a119e2c\" data-element_type=\"container\" data-e-type=\"container\" data-settings=\"{&quot;background_background&quot;:&quot;classic&quot;}\">\n\t\t\t\t\t<div class=\"e-con-inner\">\n\t\t\t\t<div class=\"elementor-element elementor-element-ac86d4d elementor-absolute elementor-widget elementor-widget-menu-anchor\" data-id=\"ac86d4d\" data-element_type=\"widget\" data-e-type=\"widget\" data-settings=\"{&quot;_position&quot;:&quot;absolute&quot;}\" data-widget_type=\"menu-anchor.default\">\n\t\t\t\t<div class=\"elementor-widget-container\">\n\t\t\t\t\t\t\t<div class=\"elementor-menu-anchor\" id=\"home\"><\/div>\n\t\t\t\t\t\t<\/div>\n\t\t\t\t<\/div>\n\t\t<div class=\"elementor-element elementor-element-8329b11 e-con-full e-flex e-con e-child\" data-id=\"8329b11\" data-element_type=\"container\" data-e-type=\"container\" data-settings=\"{&quot;background_background&quot;:&quot;classic&quot;}\">\n\t\t<div class=\"elementor-element elementor-element-5633f78 e-con-full e-flex e-con e-child\" data-id=\"5633f78\" data-element_type=\"container\" data-e-type=\"container\">\n\t\t<div class=\"elementor-element elementor-element-d3964f8 e-con-full e-flex e-con e-child\" data-id=\"d3964f8\" data-element_type=\"container\" data-e-type=\"container\" data-settings=\"{&quot;background_background&quot;:&quot;classic&quot;}\">\n\t\t\t\t<div class=\"elementor-element elementor-element-d3eaf38 elementor-widget elementor-widget-image\" data-id=\"d3eaf38\" data-element_type=\"widget\" data-e-type=\"widget\" data-widget_type=\"image.default\">\n\t\t\t\t<div class=\"elementor-widget-container\">\n\t\t\t\t\t\t\t\t\t\t\t\t\t\t\t<img decoding=\"async\" src=\"https:\/\/www.caffefadi.it\/wp-content\/uploads\/elementor\/thumbs\/interno_torrefazione-qyg07kt51gqh9dmqcrplqr7ent2da5ly7j1p0wuznk.webp\" title=\"interno_torrefazione\" alt=\"Chi siamo\" loading=\"lazy\" \/>\t\t\t\t\t\t\t\t\t\t\t\t\t\t\t<\/div>\n\t\t\t\t<\/div>\n\t\t\t\t<\/div>\n\t\t<div class=\"elementor-element elementor-element-75fc0ba e-con-full e-flex e-con e-child\" data-id=\"75fc0ba\" data-element_type=\"container\" data-e-type=\"container\">\n\t\t\t\t<div class=\"elementor-element elementor-element-d658417 elementor-widget elementor-widget-text-editor\" data-id=\"d658417\" data-element_type=\"widget\" data-e-type=\"widget\" data-widget_type=\"text-editor.default\">\n\t\t\t\t<div class=\"elementor-widget-container\">\n\t\t\t\t\t\t\t\t\t<h3 style=\"text-align: center;\">Historia Caff\u00e8 Fadi, rzemie\u015blniczej palarni kawy z Puglii<\/h3><p>Za\u0142o\u017cona w 2014 roku przez adwokat Fabiol\u0119 La Grotta, <a href=\"https:\/\/www.facebook.com\/CaffeFadi\" target=\"_blank\" rel=\"noopener\"><strong>Caff\u00e8 Fadi<\/strong><\/a> powsta\u0142a z ambitnym celem, by wprowadzi\u0107 na \u015bwiatowy rynek autentyczny smak rzemie\u015blniczej kawy, staj\u0105c si\u0119 palarni\u0105 kawy z Puglii. Nasz\u0105 misj\u0105 jest tworzenie kawy najwy\u017cszej jako\u015bci, kt\u00f3ra opowiada histori\u0119 pasji, tradycji i innowacji. Od pierwszego dnia wyr\u00f3\u017cniamy si\u0119 zaanga\u017cowaniem w oferowanie naszym klientom produktu, kt\u00f3ry nie tylko spe\u0142nia najwy\u017csze standardy jako\u015bci, ale tak\u017ce przewy\u017csza ich oczekiwania.<\/p><h3 style=\"text-align: center;\">Kim jeste\u015bmy &#8211; M\u0142oda firma, ale z g\u0142\u0119bokimi korzeniami<\/h3><p><strong>Caff\u00e8 Fadi<\/strong> jest m\u0142oda wiekowo, ale posiada g\u0142\u0119bok\u0105 wiedz\u0119 o bran\u017cy i tradycj\u0119, kt\u00f3ra znajduje odzwierciedlenie w ka\u017cdym etapie naszej produkcji. Firma wyr\u00f3\u017cnia si\u0119 od samego pocz\u0105tku innowacyjnym podej\u015bciem oraz dba\u0142o\u015bci\u0105 o ka\u017cdy szczeg\u00f3\u0142. Dzi\u0119ki wysoko wykwalifikowanemu zespo\u0142owi i sta\u0142emu d\u0105\u017ceniu do doskona\u0142o\u015bci, szybko zdobyli\u015bmy pozycj\u0119 jednej z wiod\u0105cych marek na rynku w\u0142oskich palarni rzemie\u015blniczych. Codziennie staramy si\u0119 \u0142\u0105czy\u0107 najlepsze elementy tradycji palarni z nowoczesnymi technologiami, zapewniaj\u0105c produkt doskona\u0142ej jako\u015bci, kt\u00f3ry spe\u0142nia wymagania naszych najbardziej wymagaj\u0105cych klient\u00f3w.<\/p>\t\t\t\t\t\t\t\t<\/div>\n\t\t\t\t<\/div>\n\t\t\t\t<\/div>\n\t\t\t\t<\/div>\n\t\t<div class=\"elementor-element elementor-element-f11d2eb e-con-full e-flex e-con e-child\" data-id=\"f11d2eb\" data-element_type=\"container\" data-e-type=\"container\">\n\t\t<div class=\"elementor-element elementor-element-95a4d20 e-con-full e-flex e-con e-child\" data-id=\"95a4d20\" data-element_type=\"container\" data-e-type=\"container\">\n\t\t\t\t<div class=\"elementor-element elementor-element-aafa77f elementor-widget elementor-widget-text-editor\" data-id=\"aafa77f\" data-element_type=\"widget\" data-e-type=\"widget\" data-widget_type=\"text-editor.default\">\n\t\t\t\t<div class=\"elementor-widget-container\">\n\t\t\t\t\t\t\t\t\t<h3 style=\"text-align: center;\">Wyb\u00f3r surowc\u00f3w: Kim jeste\u015bmy w \u015bwiecie kawy<\/h3>\nJako\u015b\u0107 <strong>Caff\u00e8 Fadi<\/strong> zaczyna si\u0119 od starannego wyboru surowc\u00f3w. <strong>Kim jeste\u015bmy<\/strong> w \u015bwiecie kawy odzwierciedla si\u0119 w naszej uwadze na jako\u015b\u0107 ziaren, kt\u00f3rych u\u017cywamy. Pochodz\u0105ce z cenionych plantacji w Gwatemali, Kolumbii, Brazylii, Hondurasie, Indonezji, Etiopii i Kostaryce, nasze ziarna s\u0105 wybierane z najwy\u017csz\u0105 staranno\u015bci\u0105, gwarantuj\u0105c produkt, kt\u00f3ry zawiera autentyczno\u015b\u0107 najlepszych terroir. Poszukiwanie i wyb\u00f3r surowc\u00f3w to kluczowy aspekt naszej pracy, poniewa\u017c wierzymy, \u017ce dobra kawa zaczyna si\u0119 od \u015bwiadomego i odpowiedzialnego wyboru pochodzenia.\n\n<h3 style=\"text-align: center;\">Kim jeste\u015bmy w palarni rzemie\u015blniczej<\/h3>\nDosko\u0142o\u015b\u0107 <strong>Caff\u00e8 Fadi<\/strong> nie ogranicza si\u0119 do wyboru pochodzenia, ale odzwierciedla si\u0119 w ka\u017cdym etapie procesu produkcyjnego. Nasza palarnia rzemie\u015blnicza szanuje tradycyjne metody i \u0142\u0105czy je z najnowszymi technologiami. Dzi\u0119ki temu mo\u017cemy zapewni\u0107 dok\u0142adn\u0105 kontrol\u0119 nad procesem palenia, kt\u00f3ry jest kluczowy dla zachowania wszystkich cech ziaren. Ka\u017cdy etap, od palenia po mielenie, jest dok\u0142adnie monitorowany, aby zapewni\u0107, \u017ce ka\u017cda mieszanka osi\u0105gnie doskona\u0142\u0105 r\u00f3wnowag\u0119 mi\u0119dzy aromatem, cia\u0142em i smakiem.\n\nKa\u017cde ziarno jest traktowane indywidualnie, aby podkre\u015bli\u0107 jego unikalne cechy. Nasz proces palenia, dostosowany do r\u00f3\u017cnych rodzaj\u00f3w kawy, pozwala na wydobycie aromat\u00f3w i smak\u00f3w, nadaj\u0105c mieszankom Fadi zr\u00f3wnowa\u017cony profil i wyrazist\u0105 osobowo\u015b\u0107. Ka\u017cda fili\u017canka, kt\u00f3r\u0105 parzymy, jest wynikiem pracy rzemie\u015blniczej, w kt\u00f3rej nic nie jest pozostawione przypadkowi, oferuj\u0105c wyj\u0105tkowe doznania smakowe, kt\u00f3re nie pozostan\u0105 niezauwa\u017cone.\t\t\t\t\t\t\t\t<\/div>\n\t\t\t\t<\/div>\n\t\t\t\t<\/div>\n\t\t<div class=\"elementor-element elementor-element-c488bd8 e-con-full e-flex e-con e-child\" data-id=\"c488bd8\" data-element_type=\"container\" data-e-type=\"container\" data-settings=\"{&quot;background_background&quot;:&quot;classic&quot;}\">\n\t\t\t\t<div class=\"elementor-element elementor-element-409c49f elementor-widget elementor-widget-image\" data-id=\"409c49f\" data-element_type=\"widget\" data-e-type=\"widget\" data-widget_type=\"image.default\">\n\t\t\t\t<div class=\"elementor-widget-container\">\n\t\t\t\t\t\t\t\t\t\t\t\t\t\t\t<img decoding=\"async\" src=\"https:\/\/www.caffefadi.it\/wp-content\/uploads\/elementor\/thumbs\/MAX7001-r13qjg1r12ak404q5adgw5t8boc5i1g0agjzna72tc.jpg\" title=\"_MAX7001\" alt=\"chi siamo\" loading=\"lazy\" \/>\t\t\t\t\t\t\t\t\t\t\t\t\t\t\t<\/div>\n\t\t\t\t<\/div>\n\t\t\t\t<\/div>\n\t\t\t\t<\/div>\n\t\t<div class=\"elementor-element elementor-element-d0f46cd e-con-full e-flex e-con e-child\" data-id=\"d0f46cd\" data-element_type=\"container\" data-e-type=\"container\">\n\t\t<div class=\"elementor-element elementor-element-7fa31a8 e-con-full e-flex e-con e-child\" data-id=\"7fa31a8\" data-element_type=\"container\" data-e-type=\"container\" data-settings=\"{&quot;background_background&quot;:&quot;classic&quot;}\">\n\t\t\t\t<div class=\"elementor-element elementor-element-5219aad elementor-widget elementor-widget-image\" data-id=\"5219aad\" data-element_type=\"widget\" data-e-type=\"widget\" data-widget_type=\"image.default\">\n\t\t\t\t<div class=\"elementor-widget-container\">\n\t\t\t\t\t\t\t\t\t\t\t\t\t\t\t<img decoding=\"async\" src=\"https:\/\/www.caffefadi.it\/wp-content\/uploads\/elementor\/thumbs\/MAX6985-r13qiwb51jjjc6xecjuaxssjul1g0e9n7quskh0cg0.jpg\" title=\"_MAX6985\" alt=\"chi siamo\" loading=\"lazy\" \/>\t\t\t\t\t\t\t\t\t\t\t\t\t\t\t<\/div>\n\t\t\t\t<\/div>\n\t\t\t\t<\/div>\n\t\t<div class=\"elementor-element elementor-element-2821335 e-con-full e-flex e-con e-child\" data-id=\"2821335\" data-element_type=\"container\" data-e-type=\"container\">\n\t\t\t\t<div class=\"elementor-element elementor-element-c44da02 elementor-widget elementor-widget-text-editor\" data-id=\"c44da02\" data-element_type=\"widget\" data-e-type=\"widget\" data-widget_type=\"text-editor.default\">\n\t\t\t\t<div class=\"elementor-widget-container\">\n\t\t\t\t\t\t\t\t\t<h3 style=\"text-align: center;\">Caff\u00e8 Fadi: Firma z wizj\u0105 nastawion\u0105 na innowacj\u0119 i zr\u00f3wnowa\u017cony rozw\u00f3j<\/h3>\nW Caff\u00e8 Fadi pasja do kawy \u0142\u0105czy si\u0119 z zaanga\u017cowaniem na rzecz innowacji i zr\u00f3wnowa\u017conego rozwoju. Wierzymy, \u017ce jako\u015b\u0107 kawy nie powinna kolidowa\u0107 z naszymi zobowi\u0105zaniami wobec \u015brodowiska. Z tego powodu produkujemy kaw\u0119 w ziarnach, cia\u0142kach i mielon\u0105, ale celowo wykluczyli\u015bmy kapsu\u0142ki z naszego procesu produkcyjnego, aby ograniczy\u0107 wp\u0142yw na \u015brodowisko. Ten wyb\u00f3r jest odzwierciedleniem naszej d\u0142ugoterminowej wizji, kt\u00f3ra d\u0105\u017cy do bardziej zr\u00f3wnowa\u017conej przysz\u0142o\u015bci.\n\nCaff\u00e8 Fadi stosuje ekologiczne praktyki, kt\u00f3re zmniejszaj\u0105 wp\u0142yw na \u015brodowisko, wykorzystuj\u0105c materia\u0142y zgodne z polityk\u0105 odpowiedzialno\u015bci ekologicznej. Jeste\u015bmy nieustannie zaanga\u017cowani w poszukiwanie innowacyjnych rozwi\u0105za\u0144, kt\u00f3re minimalizuj\u0105 nasz \u015blad w\u0119glowy, nie rezygnuj\u0105c z jako\u015bci naszych produkt\u00f3w. Nasze zaanga\u017cowanie na rzecz \u015brodowiska to warto\u015b\u0107, kt\u00f3ra kieruje nami w ka\u017cdej decyzji biznesowej, sprawiaj\u0105c, \u017ce nasza kawa jest nie tylko pyszna do picia, ale tak\u017ce odpowiedzialna ekologicznie.\n\n<h3 style=\"text-align: center;\">Jako\u015b\u0107 Caff\u00e8 Fadi: Kim jeste\u015bmy w badaniach i eksperymentach<\/h3>\nW Caff\u00e8 Fadi nie traktujemy <strong><a href=\"https:\/\/www.caffefadi.it\/store\/\">naszej kawy<\/a><\/strong> tylko jako nap\u00f3j, ale jako do\u015bwiadczenie smakowe, kt\u00f3re \u0142\u0105czy tradycj\u0119 i innowacj\u0119. Nasza firma jest nieustannie zaanga\u017cowana w badania nad nowymi mieszankami i eksperymentowanie z nowymi technikami palenia, aby oferowa\u0107 zawsze najlepsz\u0105 kaw\u0119. Dzi\u0119ki nowoczesnym instalacjom i zespo\u0142owi ekspert\u00f3w palarni, po\u015bwi\u0119camy si\u0119 tworzeniu unikalnych produkt\u00f3w, kt\u00f3re odzwierciedlaj\u0105 nasz\u0105 pasj\u0119 do sztuki kawy.\n\nWybierane przez nas i starannie obrabiane odmiany arabiki i robusty stanowi\u0105 podstaw\u0119 naszych doskonale zbalansowanych mieszanek. Ka\u017cda mieszanka jest opracowywana, aby wyrazi\u0107 z\u0142o\u017cono\u015b\u0107 i bogactwo kawy, oferuj\u0105c naszym klientom niezr\u00f3wnane do\u015bwiadczenie sensoryczne. Zaanga\u017cowanie w badania i eksperymenty pozwala nam pozosta\u0107 na czo\u0142owej pozycji w bran\u017cy, tworz\u0105c kawy, kt\u00f3re zadowalaj\u0105 najbardziej wymagaj\u0105ce podniebienia.\t\t\t\t\t\t\t\t<\/div>\n\t\t\t\t<\/div>\n\t\t\t\t<\/div>\n\t\t\t\t<\/div>\n\t\t<div class=\"elementor-element elementor-element-a0029d3 e-con-full e-flex e-con e-child\" data-id=\"a0029d3\" data-element_type=\"container\" data-e-type=\"container\">\n\t\t\t\t<div class=\"elementor-element elementor-element-74c8363 elementor-widget-divider--view-line elementor-widget elementor-widget-divider\" data-id=\"74c8363\" data-element_type=\"widget\" data-e-type=\"widget\" data-widget_type=\"divider.default\">\n\t\t\t\t<div class=\"elementor-widget-container\">\n\t\t\t\t\t\t\t<div class=\"elementor-divider\">\n\t\t\t<span class=\"elementor-divider-separator\">\n\t\t\t\t\t\t<\/span>\n\t\t<\/div>\n\t\t\t\t\t\t<\/div>\n\t\t\t\t<\/div>\n\t\t\t\t<div class=\"elementor-element elementor-element-5707456 elementor-widget elementor-widget-text-editor\" data-id=\"5707456\" data-element_type=\"widget\" data-e-type=\"widget\" data-widget_type=\"text-editor.default\">\n\t\t\t\t<div class=\"elementor-widget-container\">\n\t\t\t\t\t\t\t\t\t<h3 style=\"text-align: center;\">Caff\u00e8 Fadi dzisiaj: \nNasza dziesi\u0105ta rocznica i certyfikat ISO 9001<\/h3>\nW 2024 roku <strong>Caff\u00e8 Fadi<\/strong> z dum\u0105 obchodzi swoj\u0105 dziesi\u0105t\u0105 rocznic\u0119. Dziesi\u0119\u0107 lat pasji, po\u015bwi\u0119cenia i nieustannego d\u0105\u017cenia do oferowania naszym klientom najlepszej kawy. Ta dekada sukces\u00f3w zosta\u0142a nagrodzona uzyskaniem certyfikatu ISO 9001, kt\u00f3ry \u015bwiadczy o naszym zaanga\u017cowaniu w jako\u015b\u0107 i zadowolenie klient\u00f3w. Certyfikat jest uznaniem dla zarz\u0105dzania firm\u0105 nastawionego na ci\u0105g\u0142e doskonalenie i przestrzeganie najwy\u017cszych standard\u00f3w jako\u015bci.\n\nDzi\u0119ki temu wa\u017cnemu certyfikatowi <strong>Caff\u00e8 Fadi<\/strong> umacnia swoj\u0105 pozycj\u0119 jako lidera w \u015bwiecie rzemie\u015blniczych palarni kawy. Ka\u017cdego dnia kontynuujemy nasz\u0105 tradycj\u0119, szanuj\u0105c nasze korzenie w Apulii i patrz\u0105c w przysz\u0142o\u015b\u0107 z entuzjazmem, innowacyjno\u015bci\u0105 i odpowiedzialno\u015bci\u0105. Jeste\u015bmy gotowi, by pisa\u0107 nowe rozdzia\u0142y w naszej historii, zawsze z tym samym zaanga\u017cowaniem w jako\u015b\u0107, kt\u00f3re wyr\u00f3\u017cnia\u0142o nas od samego pocz\u0105tku.\t\t\t\t\t\t\t\t<\/div>\n\t\t\t\t<\/div>\n\t\t\t\t<div class=\"elementor-element elementor-element-d99d42c elementor-widget-divider--view-line elementor-widget elementor-widget-divider\" data-id=\"d99d42c\" data-element_type=\"widget\" data-e-type=\"widget\" data-widget_type=\"divider.default\">\n\t\t\t\t<div class=\"elementor-widget-container\">\n\t\t\t\t\t\t\t<div class=\"elementor-divider\">\n\t\t\t<span class=\"elementor-divider-separator\">\n\t\t\t\t\t\t<\/span>\n\t\t<\/div>\n\t\t\t\t\t\t<\/div>\n\t\t\t\t<\/div>\n\t\t\t\t<\/div>\n\t\t<div class=\"elementor-element elementor-element-4415662 e-con-full e-flex e-con e-child\" data-id=\"4415662\" data-element_type=\"container\" data-e-type=\"container\">\n\t\t\t\t<div class=\"elementor-element elementor-element-953f7fa elementor-widget elementor-widget-video\" data-id=\"953f7fa\" data-element_type=\"widget\" data-e-type=\"widget\" data-settings=\"{&quot;youtube_url&quot;:&quot;https:\\\/\\\/youtu.be\\\/5TZlQ3TmAHY&quot;,&quot;video_type&quot;:&quot;youtube&quot;,&quot;controls&quot;:&quot;yes&quot;}\" data-widget_type=\"video.default\">\n\t\t\t\t<div class=\"elementor-widget-container\">\n\t\t\t\t\t\t\t<div class=\"elementor-wrapper elementor-open-inline\">\n\t\t\t<div class=\"elementor-video\"><\/div>\t\t<\/div>\n\t\t\t\t\t\t<\/div>\n\t\t\t\t<\/div>\n\t\t\t\t<\/div>\n\t\t\t\t<div class=\"elementor-element elementor-element-476c374 elementor-view-stacked elementor-shape-square elementor-absolute elementor-widget elementor-widget-icon\" data-id=\"476c374\" data-element_type=\"widget\" data-e-type=\"widget\" data-settings=\"{&quot;sticky&quot;:&quot;bottom&quot;,&quot;sticky_offset&quot;:126,&quot;sticky_parent&quot;:&quot;yes&quot;,&quot;_position&quot;:&quot;absolute&quot;,&quot;sticky_on&quot;:[&quot;desktop&quot;,&quot;tablet&quot;,&quot;mobile&quot;],&quot;sticky_effects_offset&quot;:0,&quot;sticky_anchor_link_offset&quot;:0}\" data-widget_type=\"icon.default\">\n\t\t\t\t<div class=\"elementor-widget-container\">\n\t\t\t\t\t\t\t<div class=\"elementor-icon-wrapper\">\n\t\t\t<a class=\"elementor-icon\" href=\"#home\">\n\t\t\t<i aria-hidden=\"true\" class=\"fas fa-arrow-up\"><\/i>\t\t\t<\/a>\n\t\t<\/div>\n\t\t\t\t\t\t<\/div>\n\t\t\t\t<\/div>\n\t\t\t\t<\/div>\n\t\t\t\t\t<\/div>\n\t\t\t\t<\/div>\n\t\t\t\t<\/div>\n\t\t","protected":false},"excerpt":{"rendered":"<p>Historia Caff\u00e8 Fadi, rzemie\u015blniczej palarni kawy z Puglii Za\u0142o\u017cona w 2014 roku przez adwokat Fabiol\u0119 La Grotta, Caff\u00e8 Fadi powsta\u0142a z ambitnym celem, by wprowadzi\u0107 na \u015bwiatowy rynek autentyczny smak rzemie\u015blniczej kawy, staj\u0105c si\u0119 palarni\u0105 kawy z Puglii. Nasz\u0105 misj\u0105 jest tworzenie kawy najwy\u017cszej jako\u015bci, kt\u00f3ra opowiada histori\u0119 pasji, tradycji i innowacji. Od pierwszego dnia wyr\u00f3\u017cniamy si\u0119 zaanga\u017cowaniem w oferowanie naszym klientom produktu, kt\u00f3ry nie tylko spe\u0142nia najwy\u017csze standardy jako\u015bci, ale tak\u017ce przewy\u017csza ich oczekiwania. Kim jeste\u015bmy &#8211; M\u0142oda firma, ale z g\u0142\u0119bokimi korzeniami Caff\u00e8 Fadi jest m\u0142oda wiekowo, ale posiada g\u0142\u0119bok\u0105 wiedz\u0119 o bran\u017cy i tradycj\u0119, kt\u00f3ra znajduje odzwierciedlenie w ka\u017cdym etapie naszej produkcji. Firma wyr\u00f3\u017cnia si\u0119 od samego pocz\u0105tku innowacyjnym podej\u015bciem oraz dba\u0142o\u015bci\u0105 o ka\u017cdy szczeg\u00f3\u0142. Dzi\u0119ki wysoko wykwalifikowanemu zespo\u0142owi i sta\u0142emu d\u0105\u017ceniu do doskona\u0142o\u015bci, szybko zdobyli\u015bmy pozycj\u0119 jednej z wiod\u0105cych marek na rynku w\u0142oskich palarni rzemie\u015blniczych. Codziennie staramy si\u0119 \u0142\u0105czy\u0107 najlepsze elementy tradycji palarni z nowoczesnymi technologiami,&hellip;<\/p>\n<p> <a class=\"more-link\" href=\"https:\/\/www.caffefadi.it\/?page_id=25903\">Leggi tutto<\/a><\/p>\n","protected":false},"author":1,"featured_media":0,"parent":0,"menu_order":0,"comment_status":"closed","ping_status":"closed","template":"elementor_header_footer","meta":{"footnotes":""},"class_list":["post-25903","page","type-page","status-publish"],"_links":{"self":[{"href":"https:\/\/www.caffefadi.it\/index.php?rest_route=\/wp\/v2\/pages\/25903","targetHints":{"allow":["GET"]}}],"collection":[{"href":"https:\/\/www.caffefadi.it\/index.php?rest_route=\/wp\/v2\/pages"}],"about":[{"href":"https:\/\/www.caffefadi.it\/index.php?rest_route=\/wp\/v2\/types\/page"}],"author":[{"embeddable":true,"href":"https:\/\/www.caffefadi.it\/index.php?rest_route=\/wp\/v2\/users\/1"}],"replies":[{"embeddable":true,"href":"https:\/\/www.caffefadi.it\/index.php?rest_route=%2Fwp%2Fv2%2Fcomments&post=25903"}],"version-history":[{"count":4,"href":"https:\/\/www.caffefadi.it\/index.php?rest_route=\/wp\/v2\/pages\/25903\/revisions"}],"predecessor-version":[{"id":25907,"href":"https:\/\/www.caffefadi.it\/index.php?rest_route=\/wp\/v2\/pages\/25903\/revisions\/25907"}],"wp:attachment":[{"href":"https:\/\/www.caffefadi.it\/index.php?rest_route=%2Fwp%2Fv2%2Fmedia&parent=25903"}],"curies":[{"name":"wp","href":"https:\/\/api.w.org\/{rel}","templated":true}]}}