{"id":25774,"date":"2025-03-10T12:13:57","date_gmt":"2025-03-10T11:13:57","guid":{"rendered":"https:\/\/www.caffefadi.it\/?page_id=25774"},"modified":"2025-03-10T12:25:59","modified_gmt":"2025-03-10T11:25:59","slug":"cart","status":"publish","type":"page","link":"https:\/\/www.caffefadi.it\/?page_id=25774","title":{"rendered":"Cart"},"content":{"rendered":"\t\t<div data-elementor-type=\"wp-page\" data-elementor-id=\"25774\" class=\"elementor elementor-25774\" data-elementor-post-type=\"page\">\n\t\t\t\t\t\t<section class=\"elementor-section elementor-top-section elementor-element elementor-element-2ef030d elementor-section-boxed elementor-section-height-default elementor-section-height-default\" data-id=\"2ef030d\" data-element_type=\"section\" data-e-type=\"section\" data-settings=\"{&quot;background_background&quot;:&quot;classic&quot;}\">\n\t\t\t\t\t\t<div class=\"elementor-container elementor-column-gap-default\">\n\t\t\t\t\t<div class=\"elementor-column elementor-col-100 elementor-top-column elementor-element elementor-element-cbf7eb4\" data-id=\"cbf7eb4\" data-element_type=\"column\" data-e-type=\"column\" data-settings=\"{&quot;background_background&quot;:&quot;classic&quot;}\">\n\t\t\t<div class=\"elementor-widget-wrap elementor-element-populated\">\n\t\t\t\t\t\t<section class=\"elementor-section elementor-inner-section elementor-element elementor-element-2b985ce elementor-section-height-min-height elementor-section-boxed elementor-section-height-default\" data-id=\"2b985ce\" data-element_type=\"section\" data-e-type=\"section\">\n\t\t\t\t\t\t<div class=\"elementor-container elementor-column-gap-default\">\n\t\t\t\t\t<div class=\"elementor-column elementor-col-100 elementor-inner-column elementor-element elementor-element-bef46cb\" data-id=\"bef46cb\" data-element_type=\"column\" data-e-type=\"column\">\n\t\t\t<div class=\"elementor-widget-wrap elementor-element-populated\">\n\t\t\t\t\t\t<div class=\"elementor-element elementor-element-fb1a7cf e-cart-layout-two-column elementor-widget elementor-widget-woocommerce-cart\" data-id=\"fb1a7cf\" data-element_type=\"widget\" data-e-type=\"widget\" data-settings=\"{&quot;sticky_right_column_offset&quot;:20,&quot;update_cart_automatically&quot;:&quot;yes&quot;,&quot;sticky_right_column&quot;:&quot;yes&quot;}\" data-widget_type=\"woocommerce-cart.default\">\n\t\t\t\t<div class=\"elementor-widget-container\">\n\t\t\t\t\t<div class=\"woocommerce\"><div class=\"woocommerce-notices-wrapper\"><\/div><div class=\"wc-empty-cart-message\">\n\t<div class=\"cart-empty woocommerce-info\" role=\"status\">\n\t\tIl tuo carrello \u00e8 vuoto.\t<\/div>\n<\/div>\t<p class=\"return-to-shop\">\n\t\t<a class=\"button wc-backward\" href=\"https:\/\/www.caffefadi.it\/?page_id=19539\">\n\t\t\tRitorna al negozio\t\t<\/a>\n\t<\/p>\n<\/div>\t\t\t\t<\/div>\n\t\t\t\t<\/div>\n\t\t\t\t\t<\/div>\n\t\t<\/div>\n\t\t\t\t\t<\/div>\n\t\t<\/section>\n\t\t\t\t\t<\/div>\n\t\t<\/div>\n\t\t\t\t\t<\/div>\n\t\t<\/section>\n\t\t\t\t<\/div>\n\t\t","protected":false},"excerpt":{"rendered":"<p>Rimuovi articolo Miniatura immagine Prodotto Prezzo Quantit\u00e0 Subtotale &times; Alchimia Coffee Beans 32,50&nbsp;&euro; Alchimia Coffee Beans quantit\u00e0 65,00&nbsp;&euro; &times; Macinato Pregiato 7,30&nbsp;&euro; Macinato Pregiato quantit\u00e0 7,30&nbsp;&euro; &times; Organic Ground Coffee 11,00&nbsp;&euro; Organic Ground Coffee quantit\u00e0 11,00&nbsp;&euro; Apply coupon Total Subtotale 83,30&nbsp;&euro; Spedizione GLS Courier: 10,37&nbsp;&euro; Pick up at our office Spedizione a via lecce 56, 74023, Grottaglie, TARANTO. Totale 93,67&nbsp;&euro; (include 16,89&nbsp;&euro; IVA stimato per Italia) Proceed to payment Potresti essere interessato a&hellip; Coffee beans\/Organic coffee Organic Coffee Beans 43,00&nbsp;&euro; IVA Inclusa Aggiungi al carrello<\/p>\n","protected":false},"author":1,"featured_media":0,"parent":0,"menu_order":0,"comment_status":"closed","ping_status":"closed","template":"elementor_header_footer","meta":{"footnotes":""},"class_list":["post-25774","page","type-page","status-publish"],"_links":{"self":[{"href":"https:\/\/www.caffefadi.it\/index.php?rest_route=\/wp\/v2\/pages\/25774","targetHints":{"allow":["GET"]}}],"collection":[{"href":"https:\/\/www.caffefadi.it\/index.php?rest_route=\/wp\/v2\/pages"}],"about":[{"href":"https:\/\/www.caffefadi.it\/index.php?rest_route=\/wp\/v2\/types\/page"}],"author":[{"embeddable":true,"href":"https:\/\/www.caffefadi.it\/index.php?rest_route=\/wp\/v2\/users\/1"}],"replies":[{"embeddable":true,"href":"https:\/\/www.caffefadi.it\/index.php?rest_route=%2Fwp%2Fv2%2Fcomments&post=25774"}],"version-history":[{"count":10,"href":"https:\/\/www.caffefadi.it\/index.php?rest_route=\/wp\/v2\/pages\/25774\/revisions"}],"predecessor-version":[{"id":25784,"href":"https:\/\/www.caffefadi.it\/index.php?rest_route=\/wp\/v2\/pages\/25774\/revisions\/25784"}],"wp:attachment":[{"href":"https:\/\/www.caffefadi.it\/index.php?rest_route=%2Fwp%2Fv2%2Fmedia&parent=25774"}],"curies":[{"name":"wp","href":"https:\/\/api.w.org\/{rel}","templated":true}]}}