{"id":21134,"date":"2024-12-06T12:51:58","date_gmt":"2024-12-06T12:51:58","guid":{"rendered":"https:\/\/www.caffefadi.it\/?page_id=21134"},"modified":"2025-01-28T15:19:52","modified_gmt":"2025-01-28T14:19:52","slug":"i-nostri-cataloghi","status":"publish","type":"page","link":"https:\/\/www.caffefadi.it\/?page_id=21134","title":{"rendered":"I nostri cataloghi"},"content":{"rendered":"\t\t<div data-elementor-type=\"wp-page\" data-elementor-id=\"21134\" class=\"elementor elementor-21134\" data-elementor-post-type=\"page\">\n\t\t\t\t<div class=\"elementor-element elementor-element-414b4d0 e-flex e-con-boxed e-con e-parent\" data-id=\"414b4d0\" data-element_type=\"container\" data-e-type=\"container\" data-settings=\"{&quot;background_background&quot;:&quot;classic&quot;}\">\n\t\t\t\t\t<div class=\"e-con-inner\">\n\t\t<div class=\"elementor-element elementor-element-98f5d08 e-con-full e-flex e-con e-child\" data-id=\"98f5d08\" data-element_type=\"container\" data-e-type=\"container\" data-settings=\"{&quot;background_background&quot;:&quot;classic&quot;}\">\n\t\t\t\t<div class=\"elementor-element elementor-element-2b1c2c7 elementor-widget elementor-widget-heading\" data-id=\"2b1c2c7\" data-element_type=\"widget\" data-e-type=\"widget\" data-widget_type=\"heading.default\">\n\t\t\t\t<div class=\"elementor-widget-container\">\n\t\t\t\t\t<h2 class=\"elementor-heading-title elementor-size-default\">Scopri l\u2019universo di Caff\u00e8 Fadi con i nostri cataloghi<\/h2>\t\t\t\t<\/div>\n\t\t\t\t<\/div>\n\t\t\t\t<div class=\"elementor-element elementor-element-5f000cc elementor-widget elementor-widget-text-editor\" data-id=\"5f000cc\" data-element_type=\"widget\" data-e-type=\"widget\" data-widget_type=\"text-editor.default\">\n\t\t\t\t<div class=\"elementor-widget-container\">\n\t\t\t\t\t\t\t\t\t<p>Benvenuti nella sezione dedicata a i nostri cataloghi, il cuore pulsante del nostro impegno per offrirvi qualit\u00e0, variet\u00e0 e passione nel mondo delle bevande. Da sempre, <a href=\"https:\/\/www.facebook.com\/CaffeFadi\" target=\"_blank\" rel=\"noopener\">Caff\u00e8 Fadi<\/a> si distingue per la sua capacit\u00e0 di combinare tradizione e innovazione, proponendo soluzioni che soddisfano i palati pi\u00f9 esigenti e anticipano le tendenze del settore.<\/p><p>Ogni catalogo che vi presentiamo \u00e8 un viaggio alla scoperta di aromi, sapori e profumi unici, accuratamente selezionati per garantirvi un\u2019esperienza sensoriale senza pari. Non si tratta solo di prodotti, ma di storie che raccontano la nostra dedizione alla qualit\u00e0 e al gusto. In questa sezione, vi invitiamo a immergervi in un mondo di eccellenza, dove ogni dettaglio \u00e8 pensato per trasmettere la nostra passione per le bevande calde e fredde.<\/p><p>L\u2019assortimento che proponiamo si caratterizza per la sua ricchezza e diversificazione. Dagli aromi intensi e avvolgenti del caff\u00e8, ai profumi delicati e rigeneranti del t\u00e8, passando per la dolcezza cremosa del ginseng e l\u2019irresistibile piacere del cioccolato, fino ad arrivare alle proposte pi\u00f9 fresche e dissetanti. In ogni linea troverete una gamma curata e variegata, pensata per rispondere a ogni esigenza, sia che si tratti di un momento di relax casalingo, sia che vogliate stupire i vostri clienti con una proposta unica e di alta qualit\u00e0.<\/p><p>Sfogliando i nostri cataloghi, potrete esplorare un universo fatto di sapori autentici e innovativi, perfettamente bilanciati per accontentare ogni gusto. La nostra filosofia si basa su una continua ricerca di eccellenza: collaboriamo con fornitori selezionati, privilegiando materie prime di alta qualit\u00e0 e lavorazioni che rispettano l\u2019essenza di ogni ingrediente. Questo si traduce in una proposta che combina artigianalit\u00e0, innovazione e rispetto per la tradizione.<\/p><p>Ma i nostri cataloghi non sono solo una vetrina di prodotti: rappresentano anche uno strumento prezioso per chi desidera approfondire le caratteristiche delle nostre linee e scoprire come ciascun prodotto pu\u00f2 fare la differenza nella propria offerta. Per questo, ci impegniamo a rendere ogni catalogo chiaro, completo e ricco di ispirazioni, affinch\u00e9 possiate trovare facilmente ci\u00f2 che meglio si adatta alle vostre esigenze.<\/p><p>Questa sezione del nostro sito \u00e8 stata progettata pensando a voi: professionisti del settore, appassionati di bevande, o semplicemente curiosi alla ricerca di nuove esperienze di gusto. Qui, ogni catalogo racconta una storia di passione e dedizione, con l\u2019obiettivo di portarvi in un viaggio attraverso le migliori proposte di Caff\u00e8 Fadi.<\/p><p>Esplorare i nostri cataloghi significa scoprire il piacere della variet\u00e0 e della qualit\u00e0, in un percorso che valorizza non solo i sapori, ma anche l\u2019esperienza complessiva del degustare. Dall\u2019espresso perfetto a una bevanda rinfrescante per le giornate pi\u00f9 calde, le nostre proposte sanno come trasformare ogni momento in un\u2019occasione speciale.<\/p><p>I nostri cataloghi sono il punto di partenza ideale per chi desidera conoscere da vicino il nostro mondo, lasciandosi ispirare da una selezione esclusiva e sempre aggiornata. Entrate e scoprite tutto ci\u00f2 che abbiamo pensato per voi: una gamma che parla di eccellenza, passione e cura per ogni dettaglio. Caff\u00e8 Fadi vi d\u00e0 il benvenuto nel suo universo di sapori indimenticabili.<\/p>\t\t\t\t\t\t\t\t<\/div>\n\t\t\t\t<\/div>\n\t\t<div class=\"elementor-element elementor-element-36d59b9 e-grid e-con-full e-con e-child\" data-id=\"36d59b9\" data-element_type=\"container\" data-e-type=\"container\" data-settings=\"{&quot;background_background&quot;:&quot;classic&quot;}\">\n\t\t\t\t<div class=\"elementor-element elementor-element-33111a6 elementor-flip-box--direction-right elementor-flip-box--effect-flip elementor-widget elementor-widget-flip-box\" data-id=\"33111a6\" data-element_type=\"widget\" data-e-type=\"widget\" data-widget_type=\"flip-box.default\">\n\t\t\t\t<div class=\"elementor-widget-container\">\n\t\t\t\t\t\t\t<div class=\"elementor-flip-box\" tabindex=\"0\">\n\t\t\t<div class=\"elementor-flip-box__layer elementor-flip-box__front\">\n\t\t\t\t<div class=\"elementor-flip-box__layer__overlay\">\n\t\t\t\t\t<div class=\"elementor-flip-box__layer__inner\">\n\t\t\t\t\t\t\n\t\t\t\t\t\t\n\t\t\t\t\t\t\t\t\t\t\t<\/div>\n\t\t\t\t<\/div>\n\t\t\t<\/div>\n\t\t\t<div class=\"elementor-flip-box__layer elementor-flip-box__back\">\n\t\t\t<div class=\"elementor-flip-box__layer__overlay\">\n\t\t\t\t<div class=\"elementor-flip-box__layer__inner\">\n\t\t\t\t\t\t\t\t\t\t\t<h3 class=\"elementor-flip-box__layer__title\">\n\t\t\t\t\t\t\tCatalogo<\/br>caff\u00e8\t\t\t\t\t\t<\/h3>\n\t\t\t\t\t\n\t\t\t\t\t\t\t\t\t\t\t<div class=\"elementor-flip-box__layer__description\">\n\t\t\t\t\t\t\tScopri la nostra selezione di caff\u00e8, pensata per regalarti un'esperienza unica di gusto e qualit\u00e0. Dal classico espresso alle miscele pi\u00f9 raffinate, troverai tutto ci\u00f2 che serve per una pausa caff\u00e8 indimenticabile.\t\t\t\t\t\t<\/div>\n\t\t\t\t\t\n\t\t\t\t\t\t\t\t\t\t\t<a class=\"elementor-flip-box__button elementor-button elementor-size-sm\" href=\"https:\/\/www.caffefadi.it\/wp-content\/uploads\/2024\/12\/Catalogo-Torrefazione-2024-25.pdf\" target=\"_blank\" rel=\"nofollow\">\n\t\t\t\t\t\t\tVEDI\t\t\t\t\t\t<\/a>\n\t\t\t\t\t\t\t\t<\/div>\n\t\t<\/div>\n\t\t<\/div>\n\t\t<\/div>\n\t\t\t\t\t\t<\/div>\n\t\t\t\t<\/div>\n\t\t\t\t<div class=\"elementor-element elementor-element-eff9614 elementor-flip-box--direction-right elementor-flip-box--effect-flip elementor-widget elementor-widget-flip-box\" data-id=\"eff9614\" data-element_type=\"widget\" data-e-type=\"widget\" data-widget_type=\"flip-box.default\">\n\t\t\t\t<div class=\"elementor-widget-container\">\n\t\t\t\t\t\t\t<div class=\"elementor-flip-box\" tabindex=\"0\">\n\t\t\t<div class=\"elementor-flip-box__layer elementor-flip-box__front\">\n\t\t\t\t<div class=\"elementor-flip-box__layer__overlay\">\n\t\t\t\t\t<div class=\"elementor-flip-box__layer__inner\">\n\t\t\t\t\t\t\n\t\t\t\t\t\t\n\t\t\t\t\t\t\t\t\t\t\t<\/div>\n\t\t\t\t<\/div>\n\t\t\t<\/div>\n\t\t\t<div class=\"elementor-flip-box__layer elementor-flip-box__back\">\n\t\t\t<div class=\"elementor-flip-box__layer__overlay\">\n\t\t\t\t<div class=\"elementor-flip-box__layer__inner\">\n\t\t\t\t\t\t\t\t\t\t\t<h3 class=\"elementor-flip-box__layer__title\">\n\t\t\t\t\t\t\tCatalogo<\/br>Ginseng\t\t\t\t\t\t<\/h3>\n\t\t\t\t\t\n\t\t\t\t\t\t\t\t\t\t\t<div class=\"elementor-flip-box__layer__description\">\n\t\t\t\t\t\t\tEnergia e benessere in una tazza! Esplora il nostro assortimento di bevande al ginseng, ideali per chi cerca una carica naturale con un tocco di dolcezza e cremosit\u00e0.\t\t\t\t\t\t<\/div>\n\t\t\t\t\t\n\t\t\t\t\t\t\t\t\t\t\t<a class=\"elementor-flip-box__button elementor-button elementor-size-sm\" href=\"https:\/\/www.caffefadi.it\/wp-content\/uploads\/2024\/12\/Catalogo-Ginseng-2024-25.pdf\" target=\"_blank\" rel=\"nofollow\">\n\t\t\t\t\t\t\tVEDI\t\t\t\t\t\t<\/a>\n\t\t\t\t\t\t\t\t<\/div>\n\t\t<\/div>\n\t\t<\/div>\n\t\t<\/div>\n\t\t\t\t\t\t<\/div>\n\t\t\t\t<\/div>\n\t\t\t\t<div class=\"elementor-element elementor-element-3086dc9 elementor-flip-box--direction-right elementor-flip-box--effect-flip elementor-widget elementor-widget-flip-box\" data-id=\"3086dc9\" data-element_type=\"widget\" data-e-type=\"widget\" data-widget_type=\"flip-box.default\">\n\t\t\t\t<div class=\"elementor-widget-container\">\n\t\t\t\t\t\t\t<div class=\"elementor-flip-box\" tabindex=\"0\">\n\t\t\t<div class=\"elementor-flip-box__layer elementor-flip-box__front\">\n\t\t\t\t<div class=\"elementor-flip-box__layer__overlay\">\n\t\t\t\t\t<div class=\"elementor-flip-box__layer__inner\">\n\t\t\t\t\t\t\n\t\t\t\t\t\t\n\t\t\t\t\t\t\t\t\t\t\t<\/div>\n\t\t\t\t<\/div>\n\t\t\t<\/div>\n\t\t\t<div class=\"elementor-flip-box__layer elementor-flip-box__back\">\n\t\t\t<div class=\"elementor-flip-box__layer__overlay\">\n\t\t\t\t<div class=\"elementor-flip-box__layer__inner\">\n\t\t\t\t\t\t\t\t\t\t\t<h3 class=\"elementor-flip-box__layer__title\">\n\t\t\t\t\t\t\tCatalogo<\/br>T\u00e8 e Cioccolate\t\t\t\t\t\t<\/h3>\n\t\t\t\t\t\n\t\t\t\t\t\t\t\t\t\t\t<div class=\"elementor-flip-box__layer__description\">\n\t\t\t\t\t\t\tImmergiti in un mondo di aromi e sapori con i nostri t\u00e8 pregiati e le cioccolate irresistibili. Perfetti per ogni momento della giornata, dalla pausa rilassante al dessert.\t\t\t\t\t\t<\/div>\n\t\t\t\t\t\n\t\t\t\t\t\t\t\t\t\t\t<a class=\"elementor-flip-box__button elementor-button elementor-size-sm\" href=\"https:\/\/www.caffefadi.it\/wp-content\/uploads\/2024\/12\/Catalogo-Te-Cioccolata-2024-25.pdf\" target=\"_blank\" rel=\"nofollow\">\n\t\t\t\t\t\t\tVEDI\t\t\t\t\t\t<\/a>\n\t\t\t\t\t\t\t\t<\/div>\n\t\t<\/div>\n\t\t<\/div>\n\t\t<\/div>\n\t\t\t\t\t\t<\/div>\n\t\t\t\t<\/div>\n\t\t\t\t<div class=\"elementor-element elementor-element-ba4ce84 elementor-flip-box--direction-right elementor-flip-box--effect-flip elementor-widget elementor-widget-flip-box\" data-id=\"ba4ce84\" data-element_type=\"widget\" data-e-type=\"widget\" data-widget_type=\"flip-box.default\">\n\t\t\t\t<div class=\"elementor-widget-container\">\n\t\t\t\t\t\t\t<div class=\"elementor-flip-box\" tabindex=\"0\">\n\t\t\t<div class=\"elementor-flip-box__layer elementor-flip-box__front\">\n\t\t\t\t<div class=\"elementor-flip-box__layer__overlay\">\n\t\t\t\t\t<div class=\"elementor-flip-box__layer__inner\">\n\t\t\t\t\t\t\n\t\t\t\t\t\t\n\t\t\t\t\t\t\t\t\t\t\t<\/div>\n\t\t\t\t<\/div>\n\t\t\t<\/div>\n\t\t\t<div class=\"elementor-flip-box__layer elementor-flip-box__back\">\n\t\t\t<div class=\"elementor-flip-box__layer__overlay\">\n\t\t\t\t<div class=\"elementor-flip-box__layer__inner\">\n\t\t\t\t\t\t\t\t\t\t\t<h3 class=\"elementor-flip-box__layer__title\">\n\t\t\t\t\t\t\tCatalogo<\/br>prodotti freddi\t\t\t\t\t\t<\/h3>\n\t\t\t\t\t\n\t\t\t\t\t\t\t\t\t\t\t<div class=\"elementor-flip-box__layer__description\">\n\t\t\t\t\t\t\tFreschezza e gusto tutto l\u2019anno! Scopri la gamma dei nostri prodotti freddi, dalle granite alle bevande rinfrescanti, ideali per chi cerca sollievo dal caldo con stile.\t\t\t\t\t\t<\/div>\n\t\t\t\t\t\n\t\t\t\t\t\t\t\t\t\t\t<a class=\"elementor-flip-box__button elementor-button elementor-size-sm\" href=\"https:\/\/www.caffefadi.it\/wp-content\/uploads\/2024\/12\/Catalogo-Freddi-2024-25.pdf\" target=\"_blank\" rel=\"nofollow\">\n\t\t\t\t\t\t\tVEDI\t\t\t\t\t\t<\/a>\n\t\t\t\t\t\t\t\t<\/div>\n\t\t<\/div>\n\t\t<\/div>\n\t\t<\/div>\n\t\t\t\t\t\t<\/div>\n\t\t\t\t<\/div>\n\t\t\t\t<\/div>\n\t\t\t\t<\/div>\n\t\t\t\t\t<\/div>\n\t\t\t\t<\/div>\n\t\t\t\t<\/div>\n\t\t","protected":false},"excerpt":{"rendered":"<p>Scopri l\u2019universo di Caff\u00e8 Fadi con i nostri cataloghi Benvenuti nella sezione dedicata a i nostri cataloghi, il cuore pulsante del nostro impegno per offrirvi qualit\u00e0, variet\u00e0 e passione nel mondo delle bevande. Da sempre, Caff\u00e8 Fadi si distingue per la sua capacit\u00e0 di combinare tradizione e innovazione, proponendo soluzioni che soddisfano i palati pi\u00f9 esigenti e anticipano le tendenze del settore. Ogni catalogo che vi presentiamo \u00e8 un viaggio alla scoperta di aromi, sapori e profumi unici, accuratamente selezionati per garantirvi un\u2019esperienza sensoriale senza pari. Non si tratta solo di prodotti, ma di storie che raccontano la nostra dedizione alla qualit\u00e0 e al gusto. In questa sezione, vi invitiamo a immergervi in un mondo di eccellenza, dove ogni dettaglio \u00e8 pensato per trasmettere la nostra passione per le bevande calde e fredde. L\u2019assortimento che proponiamo si caratterizza per la sua ricchezza e diversificazione. Dagli aromi intensi e avvolgenti del&hellip;<\/p>\n<p> <a class=\"more-link\" href=\"https:\/\/www.caffefadi.it\/?page_id=21134\">Leggi tutto<\/a><\/p>\n","protected":false},"author":1,"featured_media":0,"parent":0,"menu_order":0,"comment_status":"closed","ping_status":"closed","template":"elementor_header_footer","meta":{"footnotes":""},"class_list":["post-21134","page","type-page","status-publish"],"_links":{"self":[{"href":"https:\/\/www.caffefadi.it\/index.php?rest_route=\/wp\/v2\/pages\/21134","targetHints":{"allow":["GET"]}}],"collection":[{"href":"https:\/\/www.caffefadi.it\/index.php?rest_route=\/wp\/v2\/pages"}],"about":[{"href":"https:\/\/www.caffefadi.it\/index.php?rest_route=\/wp\/v2\/types\/page"}],"author":[{"embeddable":true,"href":"https:\/\/www.caffefadi.it\/index.php?rest_route=\/wp\/v2\/users\/1"}],"replies":[{"embeddable":true,"href":"https:\/\/www.caffefadi.it\/index.php?rest_route=%2Fwp%2Fv2%2Fcomments&post=21134"}],"version-history":[{"count":130,"href":"https:\/\/www.caffefadi.it\/index.php?rest_route=\/wp\/v2\/pages\/21134\/revisions"}],"predecessor-version":[{"id":25081,"href":"https:\/\/www.caffefadi.it\/index.php?rest_route=\/wp\/v2\/pages\/21134\/revisions\/25081"}],"wp:attachment":[{"href":"https:\/\/www.caffefadi.it\/index.php?rest_route=%2Fwp%2Fv2%2Fmedia&parent=21134"}],"curies":[{"name":"wp","href":"https:\/\/api.w.org\/{rel}","templated":true}]}}